{"id":1256,"date":"2025-11-28T19:00:11","date_gmt":"2025-11-28T18:00:11","guid":{"rendered":"https:\/\/empower-modelling.eu\/partner\/partnerorganisationen\/universiteit-utrecht\/"},"modified":"2026-03-25T10:07:03","modified_gmt":"2026-03-25T09:07:03","slug":"universiteit-utrecht","status":"publish","type":"page","link":"https:\/\/empower-modelling.eu\/de\/partner\/partnerorganisationen\/universiteit-utrecht\/","title":{"rendered":"Universiteit Utrecht"},"content":{"rendered":"<div class=\"wpb-content-wrapper\"><p>[vc_row][vc_column][vc_column_text css=&#8220;&#8220;]<\/p>\n<h3><a href=\"https:\/\/empower-modelling.eu\/de\/partner\/\">Zur\u00fcck<\/a><\/h3>\n<p>[\/vc_column_text][\/vc_column][\/vc_row][vc_row css=&#8220;.vc_custom_1767349547450{border-top-width: 10px !important;border-right-width: 5px !important;border-left-width: 5px !important;border-left-style: solid !important;border-right-style: solid !important;border-top-style: solid !important;border-color: #2A3689 !important;}&#8220;][vc_column width=&#8220;1\/4&#8243;][vc_single_image css=&#8220;&#8220;][\/vc_column][vc_column width=&#8220;3\/4&#8243;][vc_column_text css=&#8220;&#8220;]Das <strong><a href=\"https:\/\/www.uu.nl\/en\/research\/freudenthal-institute\" target=\"_blank\" rel=\"noopener\">Freudenthal Institute<\/a><\/strong> (FI) an der Universiteit Utrecht ist ein multidisziplin\u00e4res Institut, das sich der Verbesserung der wissenschaftlichen Bildung widmet. Das FI vereint Fachwissen in den Bereichen Mathematik- und Naturwissenschaftsunterricht, Wissenschaftskommunikation, Forschung zu Lernen und Lehren sowie Geschichte und Philosophie der Naturwissenschaften. Diese breite Grundlage unterst\u00fctzt die Mission des Instituts, das Verst\u00e4ndnis und die Anwendung wissenschaftlicher und mathematischer Konzepte durch Lernende zu st\u00e4rken.  <\/p>\n<p>Das FI betreibt Forschung und entwickelt p\u00e4dagogische Innovationen f\u00fcr Schulen, Universit\u00e4ten und informelle Lernkontexte. Zu seinen Aufgaben geh\u00f6ren die Analyse des Lernens von Sch\u00fclerinnen und Sch\u00fclern, die Unterst\u00fctzung der beruflichen Weiterentwicklung von Lehrkr\u00e4ften, die Gestaltung von Unterrichtsmaterialien und die Mitwirkung an der Lehrplanentwicklung. Das Institut ist auch an Initiativen wie U-Talent beteiligt, dem Programm der Universit\u00e4t Utrecht f\u00fcr Lernende und Lehrkr\u00e4fte der Sekundarstufe.  <\/p>\n<p>Die Forschungs- und Bildungsgruppen innerhalb des FI konzentrieren sich auf Themen wie forschungs- und modellbasiertes Lernen, digitale Tools und Simulationen, die Vermittlung von Wissenschaft an unterschiedliche Zielgruppen, Nachhaltigkeit und die Rolle des wissenschaftlichen und mathematischen Denkens in der Gesellschaft. Durch diese Aktivit\u00e4ten und die Zusammenarbeit mit nationalen und internationalen Partnern f\u00f6rdert das FI evidenzbasierte Innovationen in der naturwissenschaftlichen und mathematischen Bildung.[\/vc_column_text][\/vc_column][\/vc_row][vc_row css=&#8220;.vc_custom_1767349162922{border-right-width: 5px !important;border-left-width: 5px !important;border-left-style: solid !important;border-right-style: solid !important;border-color: #2A3689 !important;}&#8220;][vc_column][vc_separator color=&#8220;mulled_wine&#8220; css=&#8220;&#8220;][\/vc_column][vc_column width=&#8220;2\/3&#8243;][vc_column_text css=&#8220;&#8220;]<strong><a href=\"https:\/\/www.uu.nl\/staff\/WRvanJoolingen\" target=\"_blank\" rel=\"noopener\">Prof. Dr. Wouter van Joolingen<\/a><\/strong> ist Professor f\u00fcr Naturwissenschafts- und Mathematikunterricht. Seine Arbeit konzentriert sich darauf, wie Lernende durch Modellieren, Simulation und forschungsbasierte Ans\u00e4tze im naturwissenschaftlichen Unterricht lernen. Mit seiner umfangreichen Erfahrung in der Entwicklung digitaler Lernumgebungen untersucht er, wie der Einsatz von Simulationen und Modellierwerkzeugen h\u00f6here Denkf\u00e4higkeiten f\u00f6rdern kann. Dar\u00fcber hinaus leitet er Forschungsarbeiten, die darauf abzielen, die naturwissenschaftliche Kompetenz zu st\u00e4rken, den naturwissenschaftlichen Unterricht zu verbessern und kreative Technologien in verschiedenen Bildungskontexten zu integrieren.[\/vc_column_text][\/vc_column][vc_column width=&#8220;1\/3&#8243;][vc_single_image image=&#8220;1254&#8243; img_size=&#8220;full&#8220; alignment=&#8220;center&#8220; style=&#8220;vc_box_border_circle_2&#8243; border_color=&#8220;sky&#8220; css=&#8220;&#8220;][\/vc_column][\/vc_row][vc_row css=&#8220;.vc_custom_1767349181383{border-right-width: 5px !important;border-bottom-width: 5px !important;border-left-width: 5px !important;border-left-style: solid !important;border-right-style: solid !important;border-bottom-style: solid !important;border-color: #2A3689 !important;}&#8220;][vc_column width=&#8220;2\/3&#8243;][vc_column_text css=&#8220;&#8220;]<a href=\"https:\/\/www.uu.nl\/staff\/KKrijtenburgLewerissa\" target=\"_blank\" rel=\"noopener\"><strong>Dr. ir. Kim Krijtenburg-Lewerissa<\/strong> <\/a>ist Dozentin f\u00fcr Physikdidaktik. Mit ihrem Hintergrund in angewandter Physik und Physikunterricht an weiterf\u00fchrenden Schulen konzentriert sich ihre Forschung darauf, wie Lernende moderne Physik mithilfe wissenschaftlicher Modelle, Mathematik und Simulationen lernen. Sie unterrichtet Physikdidaktik und war als Expertin f\u00fcr Physikunterricht an der Entwicklung von Lehrpl\u00e4nen beteiligt. Dar\u00fcber hinaus koordiniert sie b\u00e8ta4all, ein nationales Programm, das darauf abzielt, den Mangel an Naturwissenschaftslehrkr\u00e4ften zu verringern.[\/vc_column_text][\/vc_column][vc_column width=&#8220;1\/3&#8243;][vc_single_image image=&#8220;1255&#8243; img_size=&#8220;medium&#8220; alignment=&#8220;center&#8220; style=&#8220;vc_box_border_circle_2&#8243; border_color=&#8220;sky&#8220; css=&#8220;&#8220;][\/vc_column][\/vc_row]<\/p>\n<\/div>","protected":false},"excerpt":{"rendered":"<p>[vc_row][vc_column][vc_column_text css=&#8220;&#8220;] Zur\u00fcck [\/vc_column_text][\/vc_column][\/vc_row][vc_row css=&#8220;.vc_custom_1767349547450{border-top-width: 10px !important;border-right-width: 5px !important;border-left-width: 5px !important;border-left-style: solid !important;border-right-style: solid !important;border-top-style: solid !important;border-color: #2A3689 !important;}&#8220;][vc_column width=&#8220;1\/4&#8243;][vc_single_image [&hellip;]<\/p>\n","protected":false},"author":4,"featured_media":0,"parent":948,"menu_order":0,"comment_status":"closed","ping_status":"closed","template":"","meta":{"_acf_changed":false,"site-sidebar-layout":"no-sidebar","site-content-layout":"plain-container","ast-site-content-layout":"default","site-content-style":"default","site-sidebar-style":"default","ast-global-header-display":"","ast-banner-title-visibility":"","ast-main-header-display":"","ast-hfb-above-header-display":"","ast-hfb-below-header-display":"","ast-hfb-mobile-header-display":"","site-post-title":"disabled","ast-breadcrumbs-content":"","ast-featured-img":"disabled","footer-sml-layout":"","theme-transparent-header-meta":"default","adv-header-id-meta":"","stick-header-meta":"","header-above-stick-meta":"","header-main-stick-meta":"","header-below-stick-meta":"","astra-migrate-meta-layouts":"default","ast-page-background-enabled":"default","ast-page-background-meta":{"desktop":{"background-color":"var(--ast-global-color-5)","background-image":"","background-repeat":"repeat","background-position":"center center","background-size":"auto","background-attachment":"scroll","background-type":"","background-media":"","overlay-type":"","overlay-color":"","overlay-opacity":"","overlay-gradient":""},"tablet":{"background-color":"","background-image":"","background-repeat":"repeat","background-position":"center center","background-size":"auto","background-attachment":"scroll","background-type":"","background-media":"","overlay-type":"","overlay-color":"","overlay-opacity":"","overlay-gradient":""},"mobile":{"background-color":"","background-image":"","background-repeat":"repeat","background-position":"center center","background-size":"auto","background-attachment":"scroll","background-type":"","background-media":"","overlay-type":"","overlay-color":"","overlay-opacity":"","overlay-gradient":""}},"ast-content-background-meta":{"desktop":{"background-color":"var(--ast-global-color-4)","background-image":"","background-repeat":"repeat","background-position":"center center","background-size":"auto","background-attachment":"scroll","background-type":"","background-media":"","overlay-type":"","overlay-color":"","overlay-opacity":"","overlay-gradient":""},"tablet":{"background-color":"var(--ast-global-color-4)","background-image":"","background-repeat":"repeat","background-position":"center center","background-size":"auto","background-attachment":"scroll","background-type":"","background-media":"","overlay-type":"","overlay-color":"","overlay-opacity":"","overlay-gradient":""},"mobile":{"background-color":"var(--ast-global-color-4)","background-image":"","background-repeat":"repeat","background-position":"center center","background-size":"auto","background-attachment":"scroll","background-type":"","background-media":"","overlay-type":"","overlay-color":"","overlay-opacity":"","overlay-gradient":""}},"footnotes":""},"class_list":["post-1256","page","type-page","status-publish","hentry"],"acf":[],"yoast_head":"<!-- This site is optimized with the Yoast SEO plugin v27.5 - https:\/\/yoast.com\/product\/yoast-seo-wordpress\/ -->\n<title>Universiteit Utrecht - Empowering Teachers for Science Learning through modelling-based Approaches<\/title>\n<meta name=\"robots\" content=\"index, follow, max-snippet:-1, max-image-preview:large, max-video-preview:-1\" \/>\n<link rel=\"canonical\" href=\"https:\/\/empower-modelling.eu\/de\/partner\/partnerorganisationen\/universiteit-utrecht\/\" \/>\n<meta property=\"og:locale\" content=\"de_DE\" \/>\n<meta property=\"og:type\" content=\"article\" \/>\n<meta property=\"og:title\" content=\"Universiteit Utrecht - Empowering Teachers for Science Learning through modelling-based Approaches\" \/>\n<meta property=\"og:description\" content=\"[vc_row][vc_column][vc_column_text css=&#8220;&#8220;] Zur\u00fcck [\/vc_column_text][\/vc_column][\/vc_row][vc_row css=&#8220;.vc_custom_1767349547450{border-top-width: 10px !important;border-right-width: 5px !important;border-left-width: 5px !important;border-left-style: solid !important;border-right-style: solid !important;border-top-style: solid !important;border-color: #2A3689 !important;}&#8220;][vc_column width=&#8220;1\/4&#8243;][vc_single_image [&hellip;]\" \/>\n<meta property=\"og:url\" content=\"https:\/\/empower-modelling.eu\/de\/partner\/partnerorganisationen\/universiteit-utrecht\/\" \/>\n<meta property=\"og:site_name\" content=\"Empowering Teachers for Science Learning through modelling-based Approaches\" \/>\n<meta property=\"article:modified_time\" content=\"2026-03-25T09:07:03+00:00\" \/>\n<meta name=\"twitter:card\" content=\"summary_large_image\" \/>\n<meta name=\"twitter:label1\" content=\"Gesch\u00e4tzte Lesezeit\" \/>\n\t<meta name=\"twitter:data1\" content=\"3\u00a0Minuten\" \/>\n<script type=\"application\/ld+json\" class=\"yoast-schema-graph\">{\"@context\":\"https:\\\/\\\/schema.org\",\"@graph\":[{\"@type\":\"WebPage\",\"@id\":\"https:\\\/\\\/empower-modelling.eu\\\/de\\\/partner\\\/partnerorganisationen\\\/universiteit-utrecht\\\/\",\"url\":\"https:\\\/\\\/empower-modelling.eu\\\/de\\\/partner\\\/partnerorganisationen\\\/universiteit-utrecht\\\/\",\"name\":\"Universiteit Utrecht - Empowering Teachers for Science Learning through modelling-based Approaches\",\"isPartOf\":{\"@id\":\"https:\\\/\\\/empower-modelling.eu\\\/de\\\/#website\"},\"datePublished\":\"2025-11-28T18:00:11+00:00\",\"dateModified\":\"2026-03-25T09:07:03+00:00\",\"breadcrumb\":{\"@id\":\"https:\\\/\\\/empower-modelling.eu\\\/de\\\/partner\\\/partnerorganisationen\\\/universiteit-utrecht\\\/#breadcrumb\"},\"inLanguage\":\"de\",\"potentialAction\":[{\"@type\":\"ReadAction\",\"target\":[\"https:\\\/\\\/empower-modelling.eu\\\/de\\\/partner\\\/partnerorganisationen\\\/universiteit-utrecht\\\/\"]}]},{\"@type\":\"BreadcrumbList\",\"@id\":\"https:\\\/\\\/empower-modelling.eu\\\/de\\\/partner\\\/partnerorganisationen\\\/universiteit-utrecht\\\/#breadcrumb\",\"itemListElement\":[{\"@type\":\"ListItem\",\"position\":1,\"name\":\"Startseite\",\"item\":\"https:\\\/\\\/empower-modelling.eu\\\/de\\\/\"},{\"@type\":\"ListItem\",\"position\":2,\"name\":\"Partner\",\"item\":\"https:\\\/\\\/empower-modelling.eu\\\/de\\\/partner\\\/\"},{\"@type\":\"ListItem\",\"position\":3,\"name\":\"Partnerorganisationen\",\"item\":\"https:\\\/\\\/empower-modelling.eu\\\/de\\\/partner\\\/partnerorganisationen\\\/\"},{\"@type\":\"ListItem\",\"position\":4,\"name\":\"Universiteit Utrecht\"}]},{\"@type\":\"WebSite\",\"@id\":\"https:\\\/\\\/empower-modelling.eu\\\/de\\\/#website\",\"url\":\"https:\\\/\\\/empower-modelling.eu\\\/de\\\/\",\"name\":\"Empowering Teachers for Science Learning through modelling-based Approaches\",\"description\":\"\",\"publisher\":{\"@id\":\"https:\\\/\\\/empower-modelling.eu\\\/de\\\/#organization\"},\"potentialAction\":[{\"@type\":\"SearchAction\",\"target\":{\"@type\":\"EntryPoint\",\"urlTemplate\":\"https:\\\/\\\/empower-modelling.eu\\\/de\\\/?s={search_term_string}\"},\"query-input\":{\"@type\":\"PropertyValueSpecification\",\"valueRequired\":true,\"valueName\":\"search_term_string\"}}],\"inLanguage\":\"de\"},{\"@type\":\"Organization\",\"@id\":\"https:\\\/\\\/empower-modelling.eu\\\/de\\\/#organization\",\"name\":\"Empowering Teachers for Science Learning through modelling-based Approaches\",\"url\":\"https:\\\/\\\/empower-modelling.eu\\\/de\\\/\",\"logo\":{\"@type\":\"ImageObject\",\"inLanguage\":\"de\",\"@id\":\"https:\\\/\\\/empower-modelling.eu\\\/de\\\/#\\\/schema\\\/logo\\\/image\\\/\",\"url\":\"https:\\\/\\\/empower-modelling.eu\\\/wp-content\\\/uploads\\\/2025\\\/11\\\/cropped-cropped-FINAL-empower-logo-e1767633380601.png\",\"contentUrl\":\"https:\\\/\\\/empower-modelling.eu\\\/wp-content\\\/uploads\\\/2025\\\/11\\\/cropped-cropped-FINAL-empower-logo-e1767633380601.png\",\"width\":200,\"height\":108,\"caption\":\"Empowering Teachers for Science Learning through modelling-based Approaches\"},\"image\":{\"@id\":\"https:\\\/\\\/empower-modelling.eu\\\/de\\\/#\\\/schema\\\/logo\\\/image\\\/\"}}]}<\/script>\n<!-- \/ Yoast SEO plugin. -->","yoast_head_json":{"title":"Universiteit Utrecht - Empowering Teachers for Science Learning through modelling-based Approaches","robots":{"index":"index","follow":"follow","max-snippet":"max-snippet:-1","max-image-preview":"max-image-preview:large","max-video-preview":"max-video-preview:-1"},"canonical":"https:\/\/empower-modelling.eu\/de\/partner\/partnerorganisationen\/universiteit-utrecht\/","og_locale":"de_DE","og_type":"article","og_title":"Universiteit Utrecht - Empowering Teachers for Science Learning through modelling-based Approaches","og_description":"[vc_row][vc_column][vc_column_text css=&#8220;&#8220;] Zur\u00fcck [\/vc_column_text][\/vc_column][\/vc_row][vc_row css=&#8220;.vc_custom_1767349547450{border-top-width: 10px !important;border-right-width: 5px !important;border-left-width: 5px !important;border-left-style: solid !important;border-right-style: solid !important;border-top-style: solid !important;border-color: #2A3689 !important;}&#8220;][vc_column width=&#8220;1\/4&#8243;][vc_single_image [&hellip;]","og_url":"https:\/\/empower-modelling.eu\/de\/partner\/partnerorganisationen\/universiteit-utrecht\/","og_site_name":"Empowering Teachers for Science Learning through modelling-based Approaches","article_modified_time":"2026-03-25T09:07:03+00:00","twitter_card":"summary_large_image","twitter_misc":{"Gesch\u00e4tzte Lesezeit":"3\u00a0Minuten"},"schema":{"@context":"https:\/\/schema.org","@graph":[{"@type":"WebPage","@id":"https:\/\/empower-modelling.eu\/de\/partner\/partnerorganisationen\/universiteit-utrecht\/","url":"https:\/\/empower-modelling.eu\/de\/partner\/partnerorganisationen\/universiteit-utrecht\/","name":"Universiteit Utrecht - Empowering Teachers for Science Learning through modelling-based Approaches","isPartOf":{"@id":"https:\/\/empower-modelling.eu\/de\/#website"},"datePublished":"2025-11-28T18:00:11+00:00","dateModified":"2026-03-25T09:07:03+00:00","breadcrumb":{"@id":"https:\/\/empower-modelling.eu\/de\/partner\/partnerorganisationen\/universiteit-utrecht\/#breadcrumb"},"inLanguage":"de","potentialAction":[{"@type":"ReadAction","target":["https:\/\/empower-modelling.eu\/de\/partner\/partnerorganisationen\/universiteit-utrecht\/"]}]},{"@type":"BreadcrumbList","@id":"https:\/\/empower-modelling.eu\/de\/partner\/partnerorganisationen\/universiteit-utrecht\/#breadcrumb","itemListElement":[{"@type":"ListItem","position":1,"name":"Startseite","item":"https:\/\/empower-modelling.eu\/de\/"},{"@type":"ListItem","position":2,"name":"Partner","item":"https:\/\/empower-modelling.eu\/de\/partner\/"},{"@type":"ListItem","position":3,"name":"Partnerorganisationen","item":"https:\/\/empower-modelling.eu\/de\/partner\/partnerorganisationen\/"},{"@type":"ListItem","position":4,"name":"Universiteit Utrecht"}]},{"@type":"WebSite","@id":"https:\/\/empower-modelling.eu\/de\/#website","url":"https:\/\/empower-modelling.eu\/de\/","name":"Empowering Teachers for Science Learning through modelling-based Approaches","description":"","publisher":{"@id":"https:\/\/empower-modelling.eu\/de\/#organization"},"potentialAction":[{"@type":"SearchAction","target":{"@type":"EntryPoint","urlTemplate":"https:\/\/empower-modelling.eu\/de\/?s={search_term_string}"},"query-input":{"@type":"PropertyValueSpecification","valueRequired":true,"valueName":"search_term_string"}}],"inLanguage":"de"},{"@type":"Organization","@id":"https:\/\/empower-modelling.eu\/de\/#organization","name":"Empowering Teachers for Science Learning through modelling-based Approaches","url":"https:\/\/empower-modelling.eu\/de\/","logo":{"@type":"ImageObject","inLanguage":"de","@id":"https:\/\/empower-modelling.eu\/de\/#\/schema\/logo\/image\/","url":"https:\/\/empower-modelling.eu\/wp-content\/uploads\/2025\/11\/cropped-cropped-FINAL-empower-logo-e1767633380601.png","contentUrl":"https:\/\/empower-modelling.eu\/wp-content\/uploads\/2025\/11\/cropped-cropped-FINAL-empower-logo-e1767633380601.png","width":200,"height":108,"caption":"Empowering Teachers for Science Learning through modelling-based Approaches"},"image":{"@id":"https:\/\/empower-modelling.eu\/de\/#\/schema\/logo\/image\/"}}]}},"_links":{"self":[{"href":"https:\/\/empower-modelling.eu\/de\/wp-json\/wp\/v2\/pages\/1256","targetHints":{"allow":["GET"]}}],"collection":[{"href":"https:\/\/empower-modelling.eu\/de\/wp-json\/wp\/v2\/pages"}],"about":[{"href":"https:\/\/empower-modelling.eu\/de\/wp-json\/wp\/v2\/types\/page"}],"author":[{"embeddable":true,"href":"https:\/\/empower-modelling.eu\/de\/wp-json\/wp\/v2\/users\/4"}],"replies":[{"embeddable":true,"href":"https:\/\/empower-modelling.eu\/de\/wp-json\/wp\/v2\/comments?post=1256"}],"version-history":[{"count":13,"href":"https:\/\/empower-modelling.eu\/de\/wp-json\/wp\/v2\/pages\/1256\/revisions"}],"predecessor-version":[{"id":1397,"href":"https:\/\/empower-modelling.eu\/de\/wp-json\/wp\/v2\/pages\/1256\/revisions\/1397"}],"up":[{"embeddable":true,"href":"https:\/\/empower-modelling.eu\/de\/wp-json\/wp\/v2\/pages\/948"}],"wp:attachment":[{"href":"https:\/\/empower-modelling.eu\/de\/wp-json\/wp\/v2\/media?parent=1256"}],"curies":[{"name":"wp","href":"https:\/\/api.w.org\/{rel}","templated":true}]}}