{"id":57,"date":"2025-11-07T11:08:22","date_gmt":"2025-11-07T10:08:22","guid":{"rendered":"https:\/\/empower.leibniz-ipn.de\/willkommen\/"},"modified":"2026-03-25T10:12:49","modified_gmt":"2026-03-25T09:12:49","slug":"willkommen","status":"publish","type":"page","link":"https:\/\/empower-modelling.eu\/de\/","title":{"rendered":"Home"},"content":{"rendered":"<div class=\"wpb-content-wrapper\"><p>[vc_row][vc_column css=&#8220;.vc_custom_1763473299462{background-color: #FFFFFF !important;}&#8220;][vc_gallery type=&#8220;flexslider_slide&#8220; interval=&#8220;3&#8243; images=&#8220;729,730&#8243; img_size=&#8220;1000&#215;200&#8243; onclick=&#8220;&#8220; css=&#8220;.vc_custom_1764410495067{margin-top: -20px !important;margin-bottom: -30px !important;border-top-width: 55px !important;border-right-width: 5px !important;border-bottom-width: 10px !important;border-left-width: 5px !important;background-color: #2A3689 !important;border-left-style: solid !important;border-right-style: solid !important;border-top-style: solid !important;border-bottom-style: solid !important;border-color: #2A3689 !important;}&#8220;][vc_row_inner][vc_column_inner width=&#8220;2\/3&#8243; css=&#8220;.vc_custom_1764410474188{margin-top: 20px !important;}&#8220;][vc_column_text css=&#8220;.vc_custom_1764411499686{margin-top: 40px !important;margin-right: -100px !important;margin-bottom: -100px !important;margin-left: -100px !important;border-top-width: 20px !important;border-right-width: 3px !important;border-bottom-width: 3px !important;border-left-width: px !important;padding-top: 50px !important;padding-right: 20px !important;padding-bottom: 50px !important;padding-left: -20px !important;background-color: #FFFFFF !important;background-position: center !important;background-repeat: no-repeat !important;background-size: contain !important;border-left-style: none !important;border-right-style: none !important;border-top-style: none !important;border-bottom-style: none !important;border-radius: 1px !important;border-color: #25235D !important;}&#8220;]<\/p>\n<h1 style=\"text-align: center;\"><strong>Willkommen \u2013 Sch\u00f6n, dass Sie hier sind!<\/strong><\/h1>\n<h2 style=\"text-align: center;\">Lasst uns modellbasiertes Lernen in den Unterricht bringen!<\/h2>\n<p>[\/vc_column_text][\/vc_column_inner][vc_column_inner width=&#8220;1\/3&#8243;][vc_single_image image=&#8220;728&#8243; img_size=&#8220;500&#215;310&#8243; alignment=&#8220;right&#8220; css=&#8220;.vc_custom_1764701629467{margin-top: 40px !important;margin-right: 40px !important;margin-bottom: 10px !important;margin-left: -100px !important;}&#8220;][\/vc_column_inner][\/vc_row_inner][\/vc_column][\/vc_row][vc_row gap=&#8220;5&#8243; css=&#8220;.vc_custom_1767792473372{margin-top: 10px !important;}&#8220;][vc_column width=&#8220;2\/3&#8243;][vc_column_text css=&#8220;.vc_custom_1771254747278{margin-top: 30px !important;margin-right: px !important;border-top-width: 30px !important;border-right-width: 5px !important;border-bottom-width: 5px !important;border-left-width: 5px !important;padding-top: 20px !important;padding-bottom: 20px !important;padding-left: 100px !important;background-color: #FFFFFF !important;border-left-style: solid !important;border-right-style: solid !important;border-top-style: solid !important;border-bottom-style: solid !important;border-radius: 1px !important;border-color: #2A3689 !important;}&#8220;]<\/p>\n<h4>Mit unserem Erasmus+-Projekt m\u00f6chten wir das modellbasierte Lernen im naturwissenschaftlichen Unterricht f\u00f6rdern.<\/h4>\n<h4><\/h4>\n<p><span data-teams=\"true\">EMPOWER ist ein von Erasmus+ gef\u00f6rdertes Projekt mit dem Ziel, den naturwissenschaftlichen Unterricht in Europa durch modellbasiertes Lernen voranzubringen. Modellbasiertes Lernen erm\u00f6glicht es Lernenden, ihr Verst\u00e4ndnis naturwissenschaftlicher Ph\u00e4nomene durch die Konzeption und die Nutzung von Modellen zu entwickeln, anzuwenden und zu kommunizieren. Das Projekt m\u00f6chte Lehrkr\u00e4fte durch Lerneinheiten und Fortbildungsangebote dabei unterst\u00fctzen, modellbasiertes Lernen effektiv im Unterricht einzusetzen. In Zusammenarbeit mit Lehrkr\u00e4ften werden die Bedarfe der Praxis identifiziert, ein theoretisch fundierter Rahmen erstellt und modellbasierte Unterrichtseinheiten und Online-Fortbildungen f\u00fcr Lehrkr\u00e4fte in unterschiedlichen Sprachen entwickelt.   <\/span><\/p>\n<p>[\/vc_column_text][vc_custom_heading text=&#8220;Projektflyer (Link folgt in K\u00fcrze &#8230;)&#8220; font_container=&#8220;tag:h2|text_align:left|color:%232A3689&#8243; css=&#8220;&#8220;][vc_row_inner css=&#8220;.vc_custom_1771254454015{border-radius: 3px !important;border-color: #2A3689 !important;}&#8220;][vc_column_inner width=&#8220;1\/3&#8243;][vc_column_text css=&#8220;&#8220;]<\/p>\n<p style=\"text-align: center;\"><strong>Englisch<\/strong><\/p>\n<p>[\/vc_column_text][\/vc_column_inner][vc_column_inner width=&#8220;1\/3&#8243; css=&#8220;.vc_custom_1771254460682{border-radius: 3px !important;border-color: #2A3689 !important;}&#8220;][vc_btn title=&#8220;Online ansehen&#8220; align=&#8220;center&#8220; css=&#8220;&#8220; link=&#8220;url:https%3A%2F%2Fempower-modelling.eu%2Fwp-content%2Fuploads%2F2026%2F02%2FEmpowering-Project-Flyer-A5-for-online-English.pdf|&#8220;][\/vc_column_inner][vc_column_inner width=&#8220;1\/3&#8243;][vc_btn title=&#8220;PDF zum Ausdrucken&#8220; align=&#8220;center&#8220; css=&#8220;&#8220; link=&#8220;url:https%3A%2F%2Fempower-modelling.eu%2Fwp-content%2Fuploads%2F2026%2F02%2FEmpower-project-flyer-final-for-printing-English.pdf|&#8220;][\/vc_column_inner][\/vc_row_inner][vc_row_inner css=&#8220;.vc_custom_1771254469066{border-radius: 3px !important;border-color: #2A3689 !important;}&#8220;][vc_column_inner width=&#8220;1\/3&#8243;][vc_column_text css=&#8220;&#8220;]<\/p>\n<p style=\"text-align: center;\"><span style=\"color: #000000;\"><strong>Deutsch<\/strong><\/span><\/p>\n<p>[\/vc_column_text][\/vc_column_inner][vc_column_inner width=&#8220;1\/3&#8243; css=&#8220;.vc_custom_1771254479299{border-radius: 3px !important;border-color: #2A3689 !important;}&#8220;][vc_btn title=&#8220;Online ansehen&#8220; align=&#8220;center&#8220; css=&#8220;&#8220; link=&#8220;url:https%3A%2F%2Fempower-modelling.eu%2Fwp-content%2Fuploads%2F2026%2F02%2FEmpowering-Project-Flyer-A5-for-online-German.pdf|&#8220;][\/vc_column_inner][vc_column_inner width=&#8220;1\/3&#8243;][vc_btn title=&#8220;PDF zum Ausdrucken&#8220; align=&#8220;center&#8220; css=&#8220;&#8220; link=&#8220;url:https%3A%2F%2Fempower-modelling.eu%2Fwp-content%2Fuploads%2F2026%2F02%2FEmpower-project-flyer-final-for-printing-German.pdf|&#8220;][\/vc_column_inner][\/vc_row_inner][vc_row_inner css=&#8220;.vc_custom_1771254605281{border-radius: 3px !important;border-color: #2A3689 !important;}&#8220;][vc_column_inner width=&#8220;1\/3&#8243;][vc_column_text css=&#8220;&#8220;]<\/p>\n<p style=\"text-align: center;\"><strong>Griechisch<\/strong><\/p>\n<p>[\/vc_column_text][\/vc_column_inner][vc_column_inner width=&#8220;1\/3&#8243; css=&#8220;.vc_custom_1771254612980{border-radius: 3px !important;border-color: #2A3689 !important;}&#8220;][vc_btn title=&#8220;Online ansehen&#8220; align=&#8220;center&#8220; css=&#8220;&#8220; link=&#8220;url:https%3A%2F%2Fempower-modelling.eu%2Fwp-content%2Fuploads%2F2026%2F02%2FEmpowering-Project-Flyer-A5-for-online-Greek.pdf|&#8220;][\/vc_column_inner][vc_column_inner width=&#8220;1\/3&#8243;][vc_btn title=&#8220;PDF zum Ausdrucken&#8220; align=&#8220;center&#8220; css=&#8220;&#8220; link=&#8220;url:https%3A%2F%2Fempower-modelling.eu%2Fwp-content%2Fuploads%2F2026%2F02%2FEmpower-project-flyer-final-for-printing-Greek.pdf|&#8220;][\/vc_column_inner][\/vc_row_inner][vc_row_inner css=&#8220;.vc_custom_1771254701829{border-radius: 3px !important;border-color: #2A3689 !important;}&#8220;][vc_column_inner width=&#8220;1\/3&#8243;][vc_column_text css=&#8220;&#8220;]<\/p>\n<p style=\"text-align: center;\"><strong>Niederl\u00e4ndisch<\/strong><\/p>\n<p>[\/vc_column_text][\/vc_column_inner][vc_column_inner width=&#8220;1\/3&#8243; css=&#8220;.vc_custom_1771254705012{border-radius: 3px !important;border-color: #2A3689 !important;}&#8220;][vc_btn title=&#8220;Online ansehen&#8220; align=&#8220;center&#8220; css=&#8220;&#8220; link=&#8220;url:https%3A%2F%2Fempower-modelling.eu%2Fwp-content%2Fuploads%2F2026%2F02%2FEmpowering-Project-Flyer-A5-for-online-Dutch.pdf|&#8220;][\/vc_column_inner][vc_column_inner width=&#8220;1\/3&#8243;][vc_btn title=&#8220;PDF zum Ausdrucken&#8220; align=&#8220;center&#8220; css=&#8220;&#8220; link=&#8220;url:https%3A%2F%2Fempower-modelling.eu%2Fwp-content%2Fuploads%2F2026%2F02%2FEmpower-project-flyer-final-for-printing-Dutch.pdf|&#8220;][\/vc_column_inner][\/vc_row_inner][vc_row_inner css=&#8220;.vc_custom_1771254675681{border-radius: 3px !important;border-color: #2A3689 !important;}&#8220;][vc_column_inner width=&#8220;1\/3&#8243;][vc_column_text css=&#8220;&#8220;]<\/p>\n<p style=\"text-align: center;\"><strong>Spanisch<\/strong><\/p>\n<p>[\/vc_column_text][\/vc_column_inner][vc_column_inner width=&#8220;1\/3&#8243; css=&#8220;.vc_custom_1771254683446{border-radius: 3px !important;border-color: #2A3689 !important;}&#8220;][vc_btn title=&#8220;Online ansehen&#8220; align=&#8220;center&#8220; css=&#8220;&#8220; link=&#8220;url:https%3A%2F%2Fempower-modelling.eu%2Fwp-content%2Fuploads%2F2026%2F02%2FEmpowering-Project-Flyer-A5-for-online-Spanish.pdf|&#8220;][\/vc_column_inner][vc_column_inner width=&#8220;1\/3&#8243;][vc_btn title=&#8220;PDF zum Ausdrucken&#8220; align=&#8220;center&#8220; css=&#8220;&#8220; link=&#8220;url:https%3A%2F%2Fempower-modelling.eu%2Fwp-content%2Fuploads%2F2026%2F02%2FEmpower-project-flyer-final-for-printing-Spanish.pdf|&#8220;][\/vc_column_inner][\/vc_row_inner][\/vc_column][vc_column width=&#8220;1\/3&#8243; css=&#8220;.vc_custom_1767792408110{margin-top: 20px !important;}&#8220;][vc_wp_posts title=&#8220;Neueste Nachrichten&#8220; number=&#8220;3&#8243; show_date=&#8220;1&#8243;][\/vc_column][\/vc_row][vc_row][vc_column][vc_custom_heading text=&#8220;Pressemitteilungen (Link folgt in K\u00fcrze &#8230;)&#8220; font_container=&#8220;tag:h2|text_align:left|color:%232A3689&#8243; css=&#8220;&#8220;][\/vc_column][\/vc_row]<\/p>\n<\/div>","protected":false},"excerpt":{"rendered":"<p>[vc_row][vc_column css=&#8220;.vc_custom_1763473299462{background-color: #FFFFFF !important;}&#8220;][vc_gallery type=&#8220;flexslider_slide&#8220; interval=&#8220;3&#8243; images=&#8220;729,730&#8243; img_size=&#8220;1000&#215;200&#8243; onclick=&#8220;&#8220; css=&#8220;.vc_custom_1764410495067{margin-top: -20px !important;margin-bottom: -30px !important;border-top-width: 55px !important;border-right-width: 5px !important;border-bottom-width: 10px !important;border-left-width: [&hellip;]<\/p>\n","protected":false},"author":1,"featured_media":0,"parent":0,"menu_order":0,"comment_status":"closed","ping_status":"closed","template":"","meta":{"_acf_changed":false,"site-sidebar-layout":"no-sidebar","site-content-layout":"plain-container","ast-site-content-layout":"default","site-content-style":"default","site-sidebar-style":"default","ast-global-header-display":"","ast-banner-title-visibility":"","ast-main-header-display":"","ast-hfb-above-header-display":"","ast-hfb-below-header-display":"","ast-hfb-mobile-header-display":"","site-post-title":"disabled","ast-breadcrumbs-content":"","ast-featured-img":"disabled","footer-sml-layout":"","theme-transparent-header-meta":"default","adv-header-id-meta":"","stick-header-meta":"","header-above-stick-meta":"","header-main-stick-meta":"","header-below-stick-meta":"","astra-migrate-meta-layouts":"default","ast-page-background-enabled":"default","ast-page-background-meta":{"desktop":{"background-color":"var(--ast-global-color-5)","background-image":"","background-repeat":"repeat","background-position":"center center","background-size":"auto","background-attachment":"scroll","background-type":"","background-media":"","overlay-type":"","overlay-color":"","overlay-opacity":"","overlay-gradient":""},"tablet":{"background-color":"","background-image":"","background-repeat":"repeat","background-position":"center center","background-size":"auto","background-attachment":"scroll","background-type":"","background-media":"","overlay-type":"","overlay-color":"","overlay-opacity":"","overlay-gradient":""},"mobile":{"background-color":"","background-image":"","background-repeat":"repeat","background-position":"center center","background-size":"auto","background-attachment":"scroll","background-type":"","background-media":"","overlay-type":"","overlay-color":"","overlay-opacity":"","overlay-gradient":""}},"ast-content-background-meta":{"desktop":{"background-color":"var(--ast-global-color-4)","background-image":"","background-repeat":"repeat","background-position":"center center","background-size":"auto","background-attachment":"scroll","background-type":"","background-media":"","overlay-type":"","overlay-color":"","overlay-opacity":"","overlay-gradient":""},"tablet":{"background-color":"var(--ast-global-color-4)","background-image":"","background-repeat":"repeat","background-position":"center center","background-size":"auto","background-attachment":"scroll","background-type":"","background-media":"","overlay-type":"","overlay-color":"","overlay-opacity":"","overlay-gradient":""},"mobile":{"background-color":"var(--ast-global-color-4)","background-image":"","background-repeat":"repeat","background-position":"center center","background-size":"auto","background-attachment":"scroll","background-type":"","background-media":"","overlay-type":"","overlay-color":"","overlay-opacity":"","overlay-gradient":""}},"footnotes":""},"class_list":["post-57","page","type-page","status-publish","hentry"],"acf":[],"yoast_head":"<!-- This site is optimized with the Yoast SEO plugin v27.4 - https:\/\/yoast.com\/product\/yoast-seo-wordpress\/ -->\n<title>Home - Empowering Teachers for Science Learning through modelling-based Approaches<\/title>\n<meta name=\"robots\" content=\"index, follow, max-snippet:-1, max-image-preview:large, max-video-preview:-1\" \/>\n<link rel=\"canonical\" href=\"https:\/\/empower-modelling.eu\/de\/\" \/>\n<meta property=\"og:locale\" content=\"de_DE\" \/>\n<meta property=\"og:type\" content=\"article\" \/>\n<meta property=\"og:title\" content=\"Home - Empowering Teachers for Science Learning through modelling-based Approaches\" \/>\n<meta property=\"og:description\" content=\"[vc_row][vc_column css=&#8220;.vc_custom_1763473299462{background-color: #FFFFFF !important;}&#8220;][vc_gallery type=&#8220;flexslider_slide&#8220; interval=&#8220;3&#8243; images=&#8220;729,730&#8243; img_size=&#8220;1000&#215;200&#8243; onclick=&#8220;&#8220; css=&#8220;.vc_custom_1764410495067{margin-top: -20px !important;margin-bottom: -30px !important;border-top-width: 55px !important;border-right-width: 5px !important;border-bottom-width: 10px !important;border-left-width: [&hellip;]\" \/>\n<meta property=\"og:url\" content=\"https:\/\/empower-modelling.eu\/de\/\" \/>\n<meta property=\"og:site_name\" content=\"Empowering Teachers for Science Learning through modelling-based Approaches\" \/>\n<meta property=\"article:modified_time\" content=\"2026-03-25T09:12:49+00:00\" \/>\n<meta name=\"twitter:card\" content=\"summary_large_image\" \/>\n<meta name=\"twitter:label1\" content=\"Gesch\u00e4tzte Lesezeit\" \/>\n\t<meta name=\"twitter:data1\" content=\"5\u00a0Minuten\" \/>\n<script type=\"application\/ld+json\" class=\"yoast-schema-graph\">{\"@context\":\"https:\\\/\\\/schema.org\",\"@graph\":[{\"@type\":\"WebPage\",\"@id\":\"https:\\\/\\\/empower-modelling.eu\\\/de\\\/\",\"url\":\"https:\\\/\\\/empower-modelling.eu\\\/de\\\/\",\"name\":\"Home - Empowering Teachers for Science Learning through modelling-based Approaches\",\"isPartOf\":{\"@id\":\"https:\\\/\\\/empower-modelling.eu\\\/de\\\/#website\"},\"datePublished\":\"2025-11-07T10:08:22+00:00\",\"dateModified\":\"2026-03-25T09:12:49+00:00\",\"breadcrumb\":{\"@id\":\"https:\\\/\\\/empower-modelling.eu\\\/de\\\/#breadcrumb\"},\"inLanguage\":\"de\",\"potentialAction\":[{\"@type\":\"ReadAction\",\"target\":[\"https:\\\/\\\/empower-modelling.eu\\\/de\\\/\"]}]},{\"@type\":\"BreadcrumbList\",\"@id\":\"https:\\\/\\\/empower-modelling.eu\\\/de\\\/#breadcrumb\",\"itemListElement\":[{\"@type\":\"ListItem\",\"position\":1,\"name\":\"Startseite\",\"item\":\"https:\\\/\\\/empower-modelling.eu\\\/de\\\/\"},{\"@type\":\"ListItem\",\"position\":2,\"name\":\"Home\"}]},{\"@type\":\"WebSite\",\"@id\":\"https:\\\/\\\/empower-modelling.eu\\\/de\\\/#website\",\"url\":\"https:\\\/\\\/empower-modelling.eu\\\/de\\\/\",\"name\":\"Empowering Teachers for Science Learning through modelling-based Approaches\",\"description\":\"\",\"publisher\":{\"@id\":\"https:\\\/\\\/empower-modelling.eu\\\/de\\\/#organization\"},\"potentialAction\":[{\"@type\":\"SearchAction\",\"target\":{\"@type\":\"EntryPoint\",\"urlTemplate\":\"https:\\\/\\\/empower-modelling.eu\\\/de\\\/?s={search_term_string}\"},\"query-input\":{\"@type\":\"PropertyValueSpecification\",\"valueRequired\":true,\"valueName\":\"search_term_string\"}}],\"inLanguage\":\"de\"},{\"@type\":\"Organization\",\"@id\":\"https:\\\/\\\/empower-modelling.eu\\\/de\\\/#organization\",\"name\":\"Empowering Teachers for Science Learning through modelling-based Approaches\",\"url\":\"https:\\\/\\\/empower-modelling.eu\\\/de\\\/\",\"logo\":{\"@type\":\"ImageObject\",\"inLanguage\":\"de\",\"@id\":\"https:\\\/\\\/empower-modelling.eu\\\/de\\\/#\\\/schema\\\/logo\\\/image\\\/\",\"url\":\"https:\\\/\\\/empower-modelling.eu\\\/wp-content\\\/uploads\\\/2025\\\/11\\\/cropped-cropped-FINAL-empower-logo-e1767633380601.png\",\"contentUrl\":\"https:\\\/\\\/empower-modelling.eu\\\/wp-content\\\/uploads\\\/2025\\\/11\\\/cropped-cropped-FINAL-empower-logo-e1767633380601.png\",\"width\":200,\"height\":108,\"caption\":\"Empowering Teachers for Science Learning through modelling-based Approaches\"},\"image\":{\"@id\":\"https:\\\/\\\/empower-modelling.eu\\\/de\\\/#\\\/schema\\\/logo\\\/image\\\/\"}}]}<\/script>\n<!-- \/ Yoast SEO plugin. -->","yoast_head_json":{"title":"Home - Empowering Teachers for Science Learning through modelling-based Approaches","robots":{"index":"index","follow":"follow","max-snippet":"max-snippet:-1","max-image-preview":"max-image-preview:large","max-video-preview":"max-video-preview:-1"},"canonical":"https:\/\/empower-modelling.eu\/de\/","og_locale":"de_DE","og_type":"article","og_title":"Home - Empowering Teachers for Science Learning through modelling-based Approaches","og_description":"[vc_row][vc_column css=&#8220;.vc_custom_1763473299462{background-color: #FFFFFF !important;}&#8220;][vc_gallery type=&#8220;flexslider_slide&#8220; interval=&#8220;3&#8243; images=&#8220;729,730&#8243; img_size=&#8220;1000&#215;200&#8243; onclick=&#8220;&#8220; css=&#8220;.vc_custom_1764410495067{margin-top: -20px !important;margin-bottom: -30px !important;border-top-width: 55px !important;border-right-width: 5px !important;border-bottom-width: 10px !important;border-left-width: [&hellip;]","og_url":"https:\/\/empower-modelling.eu\/de\/","og_site_name":"Empowering Teachers for Science Learning through modelling-based Approaches","article_modified_time":"2026-03-25T09:12:49+00:00","twitter_card":"summary_large_image","twitter_misc":{"Gesch\u00e4tzte Lesezeit":"5\u00a0Minuten"},"schema":{"@context":"https:\/\/schema.org","@graph":[{"@type":"WebPage","@id":"https:\/\/empower-modelling.eu\/de\/","url":"https:\/\/empower-modelling.eu\/de\/","name":"Home - Empowering Teachers for Science Learning through modelling-based Approaches","isPartOf":{"@id":"https:\/\/empower-modelling.eu\/de\/#website"},"datePublished":"2025-11-07T10:08:22+00:00","dateModified":"2026-03-25T09:12:49+00:00","breadcrumb":{"@id":"https:\/\/empower-modelling.eu\/de\/#breadcrumb"},"inLanguage":"de","potentialAction":[{"@type":"ReadAction","target":["https:\/\/empower-modelling.eu\/de\/"]}]},{"@type":"BreadcrumbList","@id":"https:\/\/empower-modelling.eu\/de\/#breadcrumb","itemListElement":[{"@type":"ListItem","position":1,"name":"Startseite","item":"https:\/\/empower-modelling.eu\/de\/"},{"@type":"ListItem","position":2,"name":"Home"}]},{"@type":"WebSite","@id":"https:\/\/empower-modelling.eu\/de\/#website","url":"https:\/\/empower-modelling.eu\/de\/","name":"Empowering Teachers for Science Learning through modelling-based Approaches","description":"","publisher":{"@id":"https:\/\/empower-modelling.eu\/de\/#organization"},"potentialAction":[{"@type":"SearchAction","target":{"@type":"EntryPoint","urlTemplate":"https:\/\/empower-modelling.eu\/de\/?s={search_term_string}"},"query-input":{"@type":"PropertyValueSpecification","valueRequired":true,"valueName":"search_term_string"}}],"inLanguage":"de"},{"@type":"Organization","@id":"https:\/\/empower-modelling.eu\/de\/#organization","name":"Empowering Teachers for Science Learning through modelling-based Approaches","url":"https:\/\/empower-modelling.eu\/de\/","logo":{"@type":"ImageObject","inLanguage":"de","@id":"https:\/\/empower-modelling.eu\/de\/#\/schema\/logo\/image\/","url":"https:\/\/empower-modelling.eu\/wp-content\/uploads\/2025\/11\/cropped-cropped-FINAL-empower-logo-e1767633380601.png","contentUrl":"https:\/\/empower-modelling.eu\/wp-content\/uploads\/2025\/11\/cropped-cropped-FINAL-empower-logo-e1767633380601.png","width":200,"height":108,"caption":"Empowering Teachers for Science Learning through modelling-based Approaches"},"image":{"@id":"https:\/\/empower-modelling.eu\/de\/#\/schema\/logo\/image\/"}}]}},"_links":{"self":[{"href":"https:\/\/empower-modelling.eu\/de\/wp-json\/wp\/v2\/pages\/57","targetHints":{"allow":["GET"]}}],"collection":[{"href":"https:\/\/empower-modelling.eu\/de\/wp-json\/wp\/v2\/pages"}],"about":[{"href":"https:\/\/empower-modelling.eu\/de\/wp-json\/wp\/v2\/types\/page"}],"author":[{"embeddable":true,"href":"https:\/\/empower-modelling.eu\/de\/wp-json\/wp\/v2\/users\/1"}],"replies":[{"embeddable":true,"href":"https:\/\/empower-modelling.eu\/de\/wp-json\/wp\/v2\/comments?post=57"}],"version-history":[{"count":41,"href":"https:\/\/empower-modelling.eu\/de\/wp-json\/wp\/v2\/pages\/57\/revisions"}],"predecessor-version":[{"id":1413,"href":"https:\/\/empower-modelling.eu\/de\/wp-json\/wp\/v2\/pages\/57\/revisions\/1413"}],"wp:attachment":[{"href":"https:\/\/empower-modelling.eu\/de\/wp-json\/wp\/v2\/media?parent=57"}],"curies":[{"name":"wp","href":"https:\/\/api.w.org\/{rel}","templated":true}]}}