{"id":688,"date":"2025-12-02T09:09:03","date_gmt":"2025-12-02T08:09:03","guid":{"rendered":"https:\/\/empower-modelling.eu\/erasmus\/"},"modified":"2026-03-25T10:14:06","modified_gmt":"2026-03-25T09:14:06","slug":"erasmus","status":"publish","type":"page","link":"https:\/\/empower-modelling.eu\/de\/willkommen\/erasmus\/","title":{"rendered":"Erasmus+"},"content":{"rendered":"<div class=\"wpb-content-wrapper\"><p>[vc_row css=&#8220;.vc_custom_1767818802261{margin-top: 60px !important;}&#8220;][vc_column width=&#8220;1\/4&#8243; css=&#8220;.vc_custom_1765966148568{margin-top: 20px !important;}&#8220;][vc_single_image image=&#8220;687&#8243; img_size=&#8220;large&#8220; alignment=&#8220;right&#8220; css=&#8220;.vc_custom_1765966137187{margin-top: 30px !important;margin-right: -60px !important;}&#8220;][\/vc_column][vc_column width=&#8220;3\/4&#8243; css=&#8220;.vc_custom_1767818843507{margin-bottom: 5px !important;border-top-width: 20px !important;border-right-width: 5px !important;border-bottom-width: 5px !important;border-left-width: 5px !important;border-left-style: solid !important;border-right-style: solid !important;border-top-style: solid !important;border-bottom-style: solid !important;border-color: #2A3689 !important;}&#8220;][vc_column_text css=&#8220;.vc_custom_1767820052495{padding-right: 5px !important;padding-left: 10px !important;}&#8220;]<\/p>\n<p data-start=\"50\" data-end=\"585\"><strong data-start=\"50\" data-end=\"62\">Erasmus+<\/strong> ist das Programm der Europ\u00e4ischen Union zur F\u00f6rderung von allgemeiner und beruflicher Bildung, Jugend und Sport in Europa. F\u00fcr Hochschulen bietet es einzigartige M\u00f6glichkeiten, internationale Partnerschaftsprojekte aufzubauen, strategische Perspektiven zu entwickeln und gemeinsam mit Partnerinstitutionen zukunftsweisende Bildungsans\u00e4tze zu entwerfen. Mit einem Budget von \u00fcber 26 Milliarden Euro f\u00fcr den aktuellen F\u00f6rderzeitraum (2021\u20132027) bietet Erasmus+ einen verl\u00e4sslichen Rahmen f\u00fcr die F\u00f6rderung einer langfristigen Zusammenarbeit zwischen Hochschuleinrichtungen.  <\/p>\n<p data-start=\"587\" data-end=\"1151\">Jedes Jahr unterst\u00fctzt das Programm Zehntausende von Projekten, an denen Universit\u00e4ten, Forschungsinstitute und andere Bildungseinrichtungen in ganz Europa beteiligt sind. Diese Projekte f\u00f6rdern nicht nur die Mobilit\u00e4t von Studierenden, Mitarbeiterinnen und Mitarbeitern, sondern konzentrieren sich auch auf die gemeinsame Entwicklung innovativer Lehrkonzepte, digitaler Lernumgebungen, Lehrplanreformen und evidenzbasierter Bildungsforschung. Durch die Zusammenarbeit in internationalen Konsortien entstehen nachhaltige Strukturen, die den Wissensaustausch f\u00f6rdern und die Gesamtqualit\u00e4t der Hochschulbildung verbessern.  <\/p>\n<p data-start=\"1153\" data-end=\"1831\">Die Ziele von Erasmus+ gehen weit \u00fcber den internationalen Austausch hinaus. Das Programm legt gro\u00dfen Wert auf <strong data-start=\"1258\" data-end=\"1278\">soziale Inklusion<\/strong> und gew\u00e4hrleistet, dass Menschen aller Herkunft gleichberechtigten Zugang zu Bildungsm\u00f6glichkeiten haben. Es verschafft auch der <strong data-start=\"1394\" data-end=\"1420\">digitalen Transformation<\/strong> Priorit\u00e4t und f\u00f6rdert einen <strong data-start=\"1437\" data-end=\"1506\">umweltbewussten und nachhaltigen Ansatz in der Bildung<\/strong>. Daher befassen sich viele Projekte mit Themen wie Digitalisierung, Umweltbewusstsein oder nachhaltige Entwicklung. Dar\u00fcber hinaus unterst\u00fctzt Erasmus+ <strong data-start=\"1658\" data-end=\"1683\">demokratisches Engagement<\/strong>, die <strong data-start=\"1685\" data-end=\"1708\">Beteiligung junger Menschen<\/strong> und die Entwicklung von Schl\u00fcsselkompetenzen, die f\u00fcr ein unabh\u00e4ngiges Leben und Arbeiten in einer zunehmend vernetzten Welt erforderlich sind.    <\/p>\n<p data-start=\"1833\" data-end=\"2190\" data-is-last-node=\"\" data-is-only-node=\"\">Partnerschaftsprojekte sind daher so zu konzipieren, dass sie Innovation und Inklusion f\u00f6rdern, zukunftsorientiert wirken und einen klaren Mehrwert f\u00fcr die europ\u00e4ische Hochschullandschaft entfalten. Durch Erasmus+ werden Hochschulen dabei unterst\u00fctzt, gemeinsame L\u00f6sungen f\u00fcr aktuelle Herausforderungen zu entwickeln und den Bildungssektor auf nachhaltige und sinnvolle Weise zu st\u00e4rken. <\/p>\n<p>&nbsp;<\/p>\n<p>Weitere Informationen zu Erasmus+ finden Sie <a href=\"https:\/\/erasmus-plus.ec.europa.eu\/\" target=\"_blank\" rel=\"noopener\">hier<\/a>.[\/vc_column_text][\/vc_column][\/vc_row]<\/p>\n<\/div>","protected":false},"excerpt":{"rendered":"<p>[vc_row css=&#8220;.vc_custom_1767818802261{margin-top: 60px !important;}&#8220;][vc_column width=&#8220;1\/4&#8243; css=&#8220;.vc_custom_1765966148568{margin-top: 20px !important;}&#8220;][vc_single_image image=&#8220;687&#8243; img_size=&#8220;large&#8220; alignment=&#8220;right&#8220; css=&#8220;.vc_custom_1765966137187{margin-top: 30px !important;margin-right: -60px !important;}&#8220;][\/vc_column][vc_column width=&#8220;3\/4&#8243; css=&#8220;.vc_custom_1767818843507{margin-bottom: 5px !important;border-top-width: [&hellip;]<\/p>\n","protected":false},"author":4,"featured_media":0,"parent":57,"menu_order":0,"comment_status":"closed","ping_status":"closed","template":"","meta":{"_acf_changed":false,"site-sidebar-layout":"no-sidebar","site-content-layout":"plain-container","ast-site-content-layout":"default","site-content-style":"default","site-sidebar-style":"default","ast-global-header-display":"","ast-banner-title-visibility":"","ast-main-header-display":"","ast-hfb-above-header-display":"","ast-hfb-below-header-display":"","ast-hfb-mobile-header-display":"","site-post-title":"disabled","ast-breadcrumbs-content":"","ast-featured-img":"disabled","footer-sml-layout":"","theme-transparent-header-meta":"default","adv-header-id-meta":"","stick-header-meta":"","header-above-stick-meta":"","header-main-stick-meta":"","header-below-stick-meta":"","astra-migrate-meta-layouts":"default","ast-page-background-enabled":"default","ast-page-background-meta":{"desktop":{"background-color":"var(--ast-global-color-5)","background-image":"","background-repeat":"repeat","background-position":"center center","background-size":"auto","background-attachment":"scroll","background-type":"","background-media":"","overlay-type":"","overlay-color":"","overlay-opacity":"","overlay-gradient":""},"tablet":{"background-color":"","background-image":"","background-repeat":"repeat","background-position":"center center","background-size":"auto","background-attachment":"scroll","background-type":"","background-media":"","overlay-type":"","overlay-color":"","overlay-opacity":"","overlay-gradient":""},"mobile":{"background-color":"","background-image":"","background-repeat":"repeat","background-position":"center center","background-size":"auto","background-attachment":"scroll","background-type":"","background-media":"","overlay-type":"","overlay-color":"","overlay-opacity":"","overlay-gradient":""}},"ast-content-background-meta":{"desktop":{"background-color":"var(--ast-global-color-4)","background-image":"","background-repeat":"repeat","background-position":"center center","background-size":"auto","background-attachment":"scroll","background-type":"","background-media":"","overlay-type":"","overlay-color":"","overlay-opacity":"","overlay-gradient":""},"tablet":{"background-color":"var(--ast-global-color-4)","background-image":"","background-repeat":"repeat","background-position":"center center","background-size":"auto","background-attachment":"scroll","background-type":"","background-media":"","overlay-type":"","overlay-color":"","overlay-opacity":"","overlay-gradient":""},"mobile":{"background-color":"var(--ast-global-color-4)","background-image":"","background-repeat":"repeat","background-position":"center center","background-size":"auto","background-attachment":"scroll","background-type":"","background-media":"","overlay-type":"","overlay-color":"","overlay-opacity":"","overlay-gradient":""}},"footnotes":""},"class_list":["post-688","page","type-page","status-publish","hentry"],"acf":[],"yoast_head":"<!-- This site is optimized with the Yoast SEO plugin v27.4 - https:\/\/yoast.com\/product\/yoast-seo-wordpress\/ -->\n<title>Erasmus+ - Empowering Teachers for Science Learning through modelling-based Approaches<\/title>\n<meta name=\"robots\" content=\"index, follow, max-snippet:-1, max-image-preview:large, max-video-preview:-1\" \/>\n<link rel=\"canonical\" href=\"https:\/\/empower-modelling.eu\/de\/willkommen\/erasmus\/\" \/>\n<meta property=\"og:locale\" content=\"de_DE\" \/>\n<meta property=\"og:type\" content=\"article\" \/>\n<meta property=\"og:title\" content=\"Erasmus+ - Empowering Teachers for Science Learning through modelling-based Approaches\" \/>\n<meta property=\"og:description\" content=\"[vc_row css=&#8220;.vc_custom_1767818802261{margin-top: 60px !important;}&#8220;][vc_column width=&#8220;1\/4&#8243; css=&#8220;.vc_custom_1765966148568{margin-top: 20px !important;}&#8220;][vc_single_image image=&#8220;687&#8243; img_size=&#8220;large&#8220; alignment=&#8220;right&#8220; css=&#8220;.vc_custom_1765966137187{margin-top: 30px !important;margin-right: -60px !important;}&#8220;][\/vc_column][vc_column width=&#8220;3\/4&#8243; css=&#8220;.vc_custom_1767818843507{margin-bottom: 5px !important;border-top-width: [&hellip;]\" \/>\n<meta property=\"og:url\" content=\"https:\/\/empower-modelling.eu\/de\/willkommen\/erasmus\/\" \/>\n<meta property=\"og:site_name\" content=\"Empowering Teachers for Science Learning through modelling-based Approaches\" \/>\n<meta property=\"article:modified_time\" content=\"2026-03-25T09:14:06+00:00\" \/>\n<meta name=\"twitter:card\" content=\"summary_large_image\" \/>\n<meta name=\"twitter:label1\" content=\"Gesch\u00e4tzte Lesezeit\" \/>\n\t<meta name=\"twitter:data1\" content=\"2\u00a0Minuten\" \/>\n<script type=\"application\/ld+json\" class=\"yoast-schema-graph\">{\"@context\":\"https:\\\/\\\/schema.org\",\"@graph\":[{\"@type\":\"WebPage\",\"@id\":\"https:\\\/\\\/empower-modelling.eu\\\/de\\\/willkommen\\\/erasmus\\\/\",\"url\":\"https:\\\/\\\/empower-modelling.eu\\\/de\\\/willkommen\\\/erasmus\\\/\",\"name\":\"Erasmus+ - Empowering Teachers for Science Learning through modelling-based Approaches\",\"isPartOf\":{\"@id\":\"https:\\\/\\\/empower-modelling.eu\\\/de\\\/#website\"},\"datePublished\":\"2025-12-02T08:09:03+00:00\",\"dateModified\":\"2026-03-25T09:14:06+00:00\",\"breadcrumb\":{\"@id\":\"https:\\\/\\\/empower-modelling.eu\\\/de\\\/willkommen\\\/erasmus\\\/#breadcrumb\"},\"inLanguage\":\"de\",\"potentialAction\":[{\"@type\":\"ReadAction\",\"target\":[\"https:\\\/\\\/empower-modelling.eu\\\/de\\\/willkommen\\\/erasmus\\\/\"]}]},{\"@type\":\"BreadcrumbList\",\"@id\":\"https:\\\/\\\/empower-modelling.eu\\\/de\\\/willkommen\\\/erasmus\\\/#breadcrumb\",\"itemListElement\":[{\"@type\":\"ListItem\",\"position\":1,\"name\":\"Startseite\",\"item\":\"https:\\\/\\\/empower-modelling.eu\\\/de\\\/\"},{\"@type\":\"ListItem\",\"position\":2,\"name\":\"Home\",\"item\":\"https:\\\/\\\/empower-modelling.eu\\\/de\\\/\"},{\"@type\":\"ListItem\",\"position\":3,\"name\":\"Erasmus+\"}]},{\"@type\":\"WebSite\",\"@id\":\"https:\\\/\\\/empower-modelling.eu\\\/de\\\/#website\",\"url\":\"https:\\\/\\\/empower-modelling.eu\\\/de\\\/\",\"name\":\"Empowering Teachers for Science Learning through modelling-based Approaches\",\"description\":\"\",\"publisher\":{\"@id\":\"https:\\\/\\\/empower-modelling.eu\\\/de\\\/#organization\"},\"potentialAction\":[{\"@type\":\"SearchAction\",\"target\":{\"@type\":\"EntryPoint\",\"urlTemplate\":\"https:\\\/\\\/empower-modelling.eu\\\/de\\\/?s={search_term_string}\"},\"query-input\":{\"@type\":\"PropertyValueSpecification\",\"valueRequired\":true,\"valueName\":\"search_term_string\"}}],\"inLanguage\":\"de\"},{\"@type\":\"Organization\",\"@id\":\"https:\\\/\\\/empower-modelling.eu\\\/de\\\/#organization\",\"name\":\"Empowering Teachers for Science Learning through modelling-based Approaches\",\"url\":\"https:\\\/\\\/empower-modelling.eu\\\/de\\\/\",\"logo\":{\"@type\":\"ImageObject\",\"inLanguage\":\"de\",\"@id\":\"https:\\\/\\\/empower-modelling.eu\\\/de\\\/#\\\/schema\\\/logo\\\/image\\\/\",\"url\":\"https:\\\/\\\/empower-modelling.eu\\\/wp-content\\\/uploads\\\/2025\\\/11\\\/cropped-cropped-FINAL-empower-logo-e1767633380601.png\",\"contentUrl\":\"https:\\\/\\\/empower-modelling.eu\\\/wp-content\\\/uploads\\\/2025\\\/11\\\/cropped-cropped-FINAL-empower-logo-e1767633380601.png\",\"width\":200,\"height\":108,\"caption\":\"Empowering Teachers for Science Learning through modelling-based Approaches\"},\"image\":{\"@id\":\"https:\\\/\\\/empower-modelling.eu\\\/de\\\/#\\\/schema\\\/logo\\\/image\\\/\"}}]}<\/script>\n<!-- \/ Yoast SEO plugin. -->","yoast_head_json":{"title":"Erasmus+ - Empowering Teachers for Science Learning through modelling-based Approaches","robots":{"index":"index","follow":"follow","max-snippet":"max-snippet:-1","max-image-preview":"max-image-preview:large","max-video-preview":"max-video-preview:-1"},"canonical":"https:\/\/empower-modelling.eu\/de\/willkommen\/erasmus\/","og_locale":"de_DE","og_type":"article","og_title":"Erasmus+ - Empowering Teachers for Science Learning through modelling-based Approaches","og_description":"[vc_row css=&#8220;.vc_custom_1767818802261{margin-top: 60px !important;}&#8220;][vc_column width=&#8220;1\/4&#8243; css=&#8220;.vc_custom_1765966148568{margin-top: 20px !important;}&#8220;][vc_single_image image=&#8220;687&#8243; img_size=&#8220;large&#8220; alignment=&#8220;right&#8220; css=&#8220;.vc_custom_1765966137187{margin-top: 30px !important;margin-right: -60px !important;}&#8220;][\/vc_column][vc_column width=&#8220;3\/4&#8243; css=&#8220;.vc_custom_1767818843507{margin-bottom: 5px !important;border-top-width: [&hellip;]","og_url":"https:\/\/empower-modelling.eu\/de\/willkommen\/erasmus\/","og_site_name":"Empowering Teachers for Science Learning through modelling-based Approaches","article_modified_time":"2026-03-25T09:14:06+00:00","twitter_card":"summary_large_image","twitter_misc":{"Gesch\u00e4tzte Lesezeit":"2\u00a0Minuten"},"schema":{"@context":"https:\/\/schema.org","@graph":[{"@type":"WebPage","@id":"https:\/\/empower-modelling.eu\/de\/willkommen\/erasmus\/","url":"https:\/\/empower-modelling.eu\/de\/willkommen\/erasmus\/","name":"Erasmus+ - Empowering Teachers for Science Learning through modelling-based Approaches","isPartOf":{"@id":"https:\/\/empower-modelling.eu\/de\/#website"},"datePublished":"2025-12-02T08:09:03+00:00","dateModified":"2026-03-25T09:14:06+00:00","breadcrumb":{"@id":"https:\/\/empower-modelling.eu\/de\/willkommen\/erasmus\/#breadcrumb"},"inLanguage":"de","potentialAction":[{"@type":"ReadAction","target":["https:\/\/empower-modelling.eu\/de\/willkommen\/erasmus\/"]}]},{"@type":"BreadcrumbList","@id":"https:\/\/empower-modelling.eu\/de\/willkommen\/erasmus\/#breadcrumb","itemListElement":[{"@type":"ListItem","position":1,"name":"Startseite","item":"https:\/\/empower-modelling.eu\/de\/"},{"@type":"ListItem","position":2,"name":"Home","item":"https:\/\/empower-modelling.eu\/de\/"},{"@type":"ListItem","position":3,"name":"Erasmus+"}]},{"@type":"WebSite","@id":"https:\/\/empower-modelling.eu\/de\/#website","url":"https:\/\/empower-modelling.eu\/de\/","name":"Empowering Teachers for Science Learning through modelling-based Approaches","description":"","publisher":{"@id":"https:\/\/empower-modelling.eu\/de\/#organization"},"potentialAction":[{"@type":"SearchAction","target":{"@type":"EntryPoint","urlTemplate":"https:\/\/empower-modelling.eu\/de\/?s={search_term_string}"},"query-input":{"@type":"PropertyValueSpecification","valueRequired":true,"valueName":"search_term_string"}}],"inLanguage":"de"},{"@type":"Organization","@id":"https:\/\/empower-modelling.eu\/de\/#organization","name":"Empowering Teachers for Science Learning through modelling-based Approaches","url":"https:\/\/empower-modelling.eu\/de\/","logo":{"@type":"ImageObject","inLanguage":"de","@id":"https:\/\/empower-modelling.eu\/de\/#\/schema\/logo\/image\/","url":"https:\/\/empower-modelling.eu\/wp-content\/uploads\/2025\/11\/cropped-cropped-FINAL-empower-logo-e1767633380601.png","contentUrl":"https:\/\/empower-modelling.eu\/wp-content\/uploads\/2025\/11\/cropped-cropped-FINAL-empower-logo-e1767633380601.png","width":200,"height":108,"caption":"Empowering Teachers for Science Learning through modelling-based Approaches"},"image":{"@id":"https:\/\/empower-modelling.eu\/de\/#\/schema\/logo\/image\/"}}]}},"_links":{"self":[{"href":"https:\/\/empower-modelling.eu\/de\/wp-json\/wp\/v2\/pages\/688","targetHints":{"allow":["GET"]}}],"collection":[{"href":"https:\/\/empower-modelling.eu\/de\/wp-json\/wp\/v2\/pages"}],"about":[{"href":"https:\/\/empower-modelling.eu\/de\/wp-json\/wp\/v2\/types\/page"}],"author":[{"embeddable":true,"href":"https:\/\/empower-modelling.eu\/de\/wp-json\/wp\/v2\/users\/4"}],"replies":[{"embeddable":true,"href":"https:\/\/empower-modelling.eu\/de\/wp-json\/wp\/v2\/comments?post=688"}],"version-history":[{"count":38,"href":"https:\/\/empower-modelling.eu\/de\/wp-json\/wp\/v2\/pages\/688\/revisions"}],"predecessor-version":[{"id":1417,"href":"https:\/\/empower-modelling.eu\/de\/wp-json\/wp\/v2\/pages\/688\/revisions\/1417"}],"up":[{"embeddable":true,"href":"https:\/\/empower-modelling.eu\/de\/wp-json\/wp\/v2\/pages\/57"}],"wp:attachment":[{"href":"https:\/\/empower-modelling.eu\/de\/wp-json\/wp\/v2\/media?parent=688"}],"curies":[{"name":"wp","href":"https:\/\/api.w.org\/{rel}","templated":true}]}}