{"id":910,"date":"2025-12-01T20:26:21","date_gmt":"2025-12-01T19:26:21","guid":{"rendered":"https:\/\/empower-modelling.eu\/willkommen\/projekt-empower\/"},"modified":"2026-03-25T10:16:45","modified_gmt":"2026-03-25T09:16:45","slug":"projekt-empower","status":"publish","type":"page","link":"https:\/\/empower-modelling.eu\/de\/willkommen\/projekt-empower\/","title":{"rendered":"EMPOWER"},"content":{"rendered":"<div class=\"wpb-content-wrapper\"><p>[vc_row css=&#8220;.vc_custom_1767818906604{margin-top: 60px !important;border-top-width: 20px !important;border-right-width: 5px !important;border-bottom-width: 5px !important;border-left-width: 5px !important;border-left-style: solid !important;border-right-style: solid !important;border-top-style: solid !important;border-bottom-style: solid !important;border-color: #2A3689 !important;}&#8220;][vc_column width=&#8220;1\/4&#8243;][vc_row_inner][vc_column_inner][\/vc_column_inner][\/vc_row_inner][vc_single_image image=&#8220;908&#8243; img_size=&#8220;250&#215;500&#8243; alignment=&#8220;center&#8220; css=&#8220;.vc_custom_1765550116456{margin-top: 230px !important;}&#8220;][vc_row_inner][vc_column_inner][\/vc_column_inner][\/vc_row_inner][\/vc_column][vc_column width=&#8220;3\/4&#8243;][vc_column_text css=&#8220;.vc_custom_1767819837662{border-top-width: 20px !important;border-right-width: 5px !important;border-bottom-width: 5px !important;border-left-width: 5px !important;padding-top: px !important;padding-right: 20px !important;padding-bottom: px !important;padding-left: 20px !important;border-left-style: none !important;border-right-style: none !important;border-top-style: none !important;border-bottom-style: none !important;border-color: #2A3689 !important;}&#8220;]<\/p>\n<h4 data-start=\"87\" data-end=\"560\"><strong>Warum Modelle in der naturwissenschaftlichen Bildung wichtig sind <\/strong><\/h4>\n<p data-start=\"87\" data-end=\"560\">Modelle und das Modellieren stehen im Zentrum der naturwissenschaftlichen Forschung. Dementsprechend stellt Modellierkompetenz eine Schl\u00fcsselkompetenz in der naturwissenschaftlichen Bildung dar. Die Next Generation Science Standards (NGSS, 2013) definieren Modellieren als eine Praxis, bei der Modelle konstruiert, bewertet, \u00fcberarbeitet und zur Erkl\u00e4rung und Vorhersage von Ph\u00e4nomenen verwendet werden. Auch Bildungsstandards in europ\u00e4ischen L\u00e4ndern, wie beispielsweise die Weiterentwickelten Bildungsstandards in den Naturwissenschaften f\u00fcr das Fach Biologie (MSA) in Deutschland, betonen die Bedeutung des Modellierens und der Verwendung von Modellen im naturwissenschaftlichen Unterricht.  <\/p>\n<h6><\/h6>\n<h4 data-start=\"562\" data-end=\"1102\"><strong>Was ist modellbasiertes Lernen?<\/strong><\/h4>\n<p data-start=\"562\" data-end=\"1102\">Modellbasiertes Lernen (MbL) erm\u00f6glicht es Lernenden, durch die Konstruktion, Verwendung und Weiterentwicklung von Modellen Vorstellungen und Erkl\u00e4rungen zu naturwissenschaftlichen Ph\u00e4nomenen zu entwickeln. MbL f\u00f6rdert sowohl Fachwissen als auch weitere Kompetenzen im Bereich der naturwissenschaftlichen Erkenntnisgewinnung (insb. Modellierkompetenz), indem naturwissenschaftliche Denk- und Arbeitsweisen vermittelt werden. Trotz dieser Vorteile wird MbL in der Praxis selten eingesetzt, da Lehrkr\u00e4fte hierf\u00fcr sinnvolle und thematisch abgestimmte Materialien, Unterrichtspl\u00e4ne und Fortbildungsangebote ben\u00f6tigen.  <\/p>\n<h3><\/h3>\n<h4 data-start=\"1104\" data-end=\"1233\"><strong>\u00dcber das EMPOWER-Projekt<\/strong><\/h4>\n<p data-start=\"1104\" data-end=\"1233\">Das EMPOWER-Projekt zielt darauf ab, MbL in ganz Europa zu f\u00f6rdern, indem es Informationen \u00fcber MbL, Selbstlernmodule f\u00fcr Lehrkr\u00e4fte und Unterrichtsmaterialien f\u00fcr verschiedene Schultypen, Klassenstufen und F\u00e4cher bereitstellt. <\/p>\n<p data-start=\"1104\" data-end=\"1233\">Das Projekt hat eine Laufzeit von drei Jahren (September 2025 bis August 2028).<\/p>\n<h6><\/h6>\n<h4 data-start=\"1104\" data-end=\"1233\"><strong>Unsere wichtigsten Aktivit\u00e4ten<\/strong><\/h4>\n<p data-start=\"119\" data-end=\"559\">Auf der Grundlage einer Analyse der aktuellen Anforderungen an MbL in den Lehrpl\u00e4nen verschiedener L\u00e4nder, der einschl\u00e4gigen wissenschaftlichen Literatur sowie Befragungen von Lehrkr\u00e4ften und weiterer Vertreter*innen aus der Bildungslandschaft, werden wir zun\u00e4chst einen theoretisch fundierten Rahmen f\u00fcr MbL entwickeln. In Zusammenarbeit mit Lehrkr\u00e4ften werden dann Selbstlernmodule entwickelt, die sich auf einzelne Aspekte von MbL konzentrieren und die Lehrkr\u00e4fte dabei unterst\u00fctzen sollen, sich selbstst\u00e4ndig beruflich weiter- und fortzubilden. Die Module werden in mehreren Sprachen verf\u00fcgbar sein.  <\/p>\n<p data-start=\"561\" data-end=\"1047\">Weiterhin werden Unterrichtsmaterialien f\u00fcr verschiedene Schultypen, Klassenstufen und F\u00e4cher entwickelt. Dar\u00fcber hinaus werden Workshops angeboten, in denen die Module und Materialien vorgestellt, getestet und weiterentwickelt werden und die den Lehrkr\u00e4ften gleichzeitig die M\u00f6glichkeit bieten, sich untereinander zu vernetzen.  <\/p>\n<p data-start=\"1049\" data-end=\"1076\">Zu den wichtigsten Aktivit\u00e4ten des Projekts geh\u00f6ren:<\/p>\n<ul data-start=\"1078\" data-end=\"1679\">\n<li data-start=\"1078\" data-end=\"1224\">\n<p data-start=\"1080\" data-end=\"1224\">Entwicklung eines theoretisch fundierten Rahmens f\u00fcr MbL, der aktuelle Fortschritte wie digitales Modellieren und k\u00fcnstliche Intelligenz einbezieht.<\/p>\n<\/li>\n<li data-start=\"1225\" data-end=\"1380\">\n<p data-start=\"1227\" data-end=\"1380\">Bereitstellung modularer Online-Selbstlernkurse f\u00fcr Lehrkr\u00e4fte zum Aufbau von Kompetenzen in der Umsetzung von MbL und der Nutzung digitaler Tools.<\/p>\n<\/li>\n<li data-start=\"1225\" data-end=\"1380\">\n<p data-start=\"1227\" data-end=\"1380\">Gemeinsame Erstellung von alters- und themenspezifischen MbL-Lerneinheiten f\u00fcr verschiedene Klassenstufen, F\u00e4cher und Schultypen unter Einbeziehung digitaler Tools.<\/p>\n<\/li>\n<li data-start=\"1535\" data-end=\"1679\">\n<p data-start=\"1537\" data-end=\"1679\">Organisation von Webinaren, hybriden Schulungsformaten und einem transnationalen Netzwerk zur F\u00f6rderung des Austauschs und der Verwendung virtuellen Lernumgebungen.<\/p>\n<\/li>\n<\/ul>\n<h6><\/h6>\n<h4 data-start=\"1745\" data-end=\"2148\"><strong>Engagement f\u00fcr Inklusion und Vielfalt<\/strong><\/h4>\n<p data-start=\"1745\" data-end=\"2148\">Ein starker Fokus liegt auf Inklusion und Vielfalt: Die Materialien sind mehrsprachig (Englisch, Deutsch, Spanisch, Niederl\u00e4ndisch und Griechisch), anpassungsf\u00e4hig und ber\u00fccksichtigen unterschiedliche Lernbed\u00fcrfnisse, Hintergr\u00fcnde und F\u00e4higkeiten. Durch partizipative Entwicklung werden inklusive und kulturell sensible Lehrmethoden verankert. Ziel ist es, Lehrkr\u00e4fte zu bef\u00e4higen, MbL effektiv umzusetzen und damit die naturwissenschaftlichen Kompetenzen von Sch\u00fcler*innen in ganz Europa zu verbessern.  <\/p>\n<p>&nbsp;<\/p>\n<p data-start=\"1745\" data-end=\"2148\">Die Forschungsergebnisse unseres Projekts finden Sie <a href=\"https:\/\/empower-modelling.eu\/reviews\/\">hier<\/a>.<\/p>\n<p>[\/vc_column_text][vc_single_image image=&#8220;909&#8243; img_size=&#8220;medium&#8220; alignment=&#8220;right&#8220; css=&#8220;.vc_custom_1767819856177{margin-top: -120px !important;}&#8220;][\/vc_column][\/vc_row]<\/p>\n<\/div>","protected":false},"excerpt":{"rendered":"<p>[vc_row css=&#8220;.vc_custom_1767818906604{margin-top: 60px !important;border-top-width: 20px !important;border-right-width: 5px !important;border-bottom-width: 5px !important;border-left-width: 5px !important;border-left-style: solid !important;border-right-style: solid !important;border-top-style: solid !important;border-bottom-style: solid !important;border-color: [&hellip;]<\/p>\n","protected":false},"author":4,"featured_media":0,"parent":57,"menu_order":0,"comment_status":"closed","ping_status":"closed","template":"","meta":{"_acf_changed":false,"site-sidebar-layout":"no-sidebar","site-content-layout":"plain-container","ast-site-content-layout":"default","site-content-style":"default","site-sidebar-style":"default","ast-global-header-display":"","ast-banner-title-visibility":"","ast-main-header-display":"","ast-hfb-above-header-display":"","ast-hfb-below-header-display":"","ast-hfb-mobile-header-display":"","site-post-title":"disabled","ast-breadcrumbs-content":"","ast-featured-img":"disabled","footer-sml-layout":"","theme-transparent-header-meta":"default","adv-header-id-meta":"","stick-header-meta":"","header-above-stick-meta":"","header-main-stick-meta":"","header-below-stick-meta":"","astra-migrate-meta-layouts":"default","ast-page-background-enabled":"default","ast-page-background-meta":{"desktop":{"background-color":"var(--ast-global-color-5)","background-image":"","background-repeat":"repeat","background-position":"center center","background-size":"auto","background-attachment":"scroll","background-type":"","background-media":"","overlay-type":"","overlay-color":"","overlay-opacity":"","overlay-gradient":""},"tablet":{"background-color":"","background-image":"","background-repeat":"repeat","background-position":"center center","background-size":"auto","background-attachment":"scroll","background-type":"","background-media":"","overlay-type":"","overlay-color":"","overlay-opacity":"","overlay-gradient":""},"mobile":{"background-color":"","background-image":"","background-repeat":"repeat","background-position":"center center","background-size":"auto","background-attachment":"scroll","background-type":"","background-media":"","overlay-type":"","overlay-color":"","overlay-opacity":"","overlay-gradient":""}},"ast-content-background-meta":{"desktop":{"background-color":"var(--ast-global-color-4)","background-image":"","background-repeat":"repeat","background-position":"center center","background-size":"auto","background-attachment":"scroll","background-type":"","background-media":"","overlay-type":"","overlay-color":"","overlay-opacity":"","overlay-gradient":""},"tablet":{"background-color":"var(--ast-global-color-4)","background-image":"","background-repeat":"repeat","background-position":"center center","background-size":"auto","background-attachment":"scroll","background-type":"","background-media":"","overlay-type":"","overlay-color":"","overlay-opacity":"","overlay-gradient":""},"mobile":{"background-color":"var(--ast-global-color-4)","background-image":"","background-repeat":"repeat","background-position":"center center","background-size":"auto","background-attachment":"scroll","background-type":"","background-media":"","overlay-type":"","overlay-color":"","overlay-opacity":"","overlay-gradient":""}},"footnotes":""},"class_list":["post-910","page","type-page","status-publish","hentry"],"acf":[],"yoast_head":"<!-- This site is optimized with the Yoast SEO plugin v27.4 - https:\/\/yoast.com\/product\/yoast-seo-wordpress\/ -->\n<title>EMPOWER - Empowering Teachers for Science Learning through modelling-based Approaches<\/title>\n<meta name=\"robots\" content=\"index, follow, max-snippet:-1, max-image-preview:large, max-video-preview:-1\" \/>\n<link rel=\"canonical\" href=\"https:\/\/empower-modelling.eu\/de\/willkommen\/projekt-empower\/\" \/>\n<meta property=\"og:locale\" content=\"de_DE\" \/>\n<meta property=\"og:type\" content=\"article\" \/>\n<meta property=\"og:title\" content=\"EMPOWER - Empowering Teachers for Science Learning through modelling-based Approaches\" \/>\n<meta property=\"og:description\" content=\"[vc_row css=&#8220;.vc_custom_1767818906604{margin-top: 60px !important;border-top-width: 20px !important;border-right-width: 5px !important;border-bottom-width: 5px !important;border-left-width: 5px !important;border-left-style: solid !important;border-right-style: solid !important;border-top-style: solid !important;border-bottom-style: solid !important;border-color: [&hellip;]\" \/>\n<meta property=\"og:url\" content=\"https:\/\/empower-modelling.eu\/de\/willkommen\/projekt-empower\/\" \/>\n<meta property=\"og:site_name\" content=\"Empowering Teachers for Science Learning through modelling-based Approaches\" \/>\n<meta property=\"article:modified_time\" content=\"2026-03-25T09:16:45+00:00\" \/>\n<meta name=\"twitter:card\" content=\"summary_large_image\" \/>\n<meta name=\"twitter:label1\" content=\"Gesch\u00e4tzte Lesezeit\" \/>\n\t<meta name=\"twitter:data1\" content=\"3\u00a0Minuten\" \/>\n<script type=\"application\/ld+json\" class=\"yoast-schema-graph\">{\"@context\":\"https:\\\/\\\/schema.org\",\"@graph\":[{\"@type\":\"WebPage\",\"@id\":\"https:\\\/\\\/empower-modelling.eu\\\/de\\\/willkommen\\\/projekt-empower\\\/\",\"url\":\"https:\\\/\\\/empower-modelling.eu\\\/de\\\/willkommen\\\/projekt-empower\\\/\",\"name\":\"EMPOWER - Empowering Teachers for Science Learning through modelling-based Approaches\",\"isPartOf\":{\"@id\":\"https:\\\/\\\/empower-modelling.eu\\\/de\\\/#website\"},\"datePublished\":\"2025-12-01T19:26:21+00:00\",\"dateModified\":\"2026-03-25T09:16:45+00:00\",\"breadcrumb\":{\"@id\":\"https:\\\/\\\/empower-modelling.eu\\\/de\\\/willkommen\\\/projekt-empower\\\/#breadcrumb\"},\"inLanguage\":\"de\",\"potentialAction\":[{\"@type\":\"ReadAction\",\"target\":[\"https:\\\/\\\/empower-modelling.eu\\\/de\\\/willkommen\\\/projekt-empower\\\/\"]}]},{\"@type\":\"BreadcrumbList\",\"@id\":\"https:\\\/\\\/empower-modelling.eu\\\/de\\\/willkommen\\\/projekt-empower\\\/#breadcrumb\",\"itemListElement\":[{\"@type\":\"ListItem\",\"position\":1,\"name\":\"Startseite\",\"item\":\"https:\\\/\\\/empower-modelling.eu\\\/de\\\/\"},{\"@type\":\"ListItem\",\"position\":2,\"name\":\"Home\",\"item\":\"https:\\\/\\\/empower-modelling.eu\\\/de\\\/\"},{\"@type\":\"ListItem\",\"position\":3,\"name\":\"EMPOWER\"}]},{\"@type\":\"WebSite\",\"@id\":\"https:\\\/\\\/empower-modelling.eu\\\/de\\\/#website\",\"url\":\"https:\\\/\\\/empower-modelling.eu\\\/de\\\/\",\"name\":\"Empowering Teachers for Science Learning through modelling-based Approaches\",\"description\":\"\",\"publisher\":{\"@id\":\"https:\\\/\\\/empower-modelling.eu\\\/de\\\/#organization\"},\"potentialAction\":[{\"@type\":\"SearchAction\",\"target\":{\"@type\":\"EntryPoint\",\"urlTemplate\":\"https:\\\/\\\/empower-modelling.eu\\\/de\\\/?s={search_term_string}\"},\"query-input\":{\"@type\":\"PropertyValueSpecification\",\"valueRequired\":true,\"valueName\":\"search_term_string\"}}],\"inLanguage\":\"de\"},{\"@type\":\"Organization\",\"@id\":\"https:\\\/\\\/empower-modelling.eu\\\/de\\\/#organization\",\"name\":\"Empowering Teachers for Science Learning through modelling-based Approaches\",\"url\":\"https:\\\/\\\/empower-modelling.eu\\\/de\\\/\",\"logo\":{\"@type\":\"ImageObject\",\"inLanguage\":\"de\",\"@id\":\"https:\\\/\\\/empower-modelling.eu\\\/de\\\/#\\\/schema\\\/logo\\\/image\\\/\",\"url\":\"https:\\\/\\\/empower-modelling.eu\\\/wp-content\\\/uploads\\\/2025\\\/11\\\/cropped-cropped-FINAL-empower-logo-e1767633380601.png\",\"contentUrl\":\"https:\\\/\\\/empower-modelling.eu\\\/wp-content\\\/uploads\\\/2025\\\/11\\\/cropped-cropped-FINAL-empower-logo-e1767633380601.png\",\"width\":200,\"height\":108,\"caption\":\"Empowering Teachers for Science Learning through modelling-based Approaches\"},\"image\":{\"@id\":\"https:\\\/\\\/empower-modelling.eu\\\/de\\\/#\\\/schema\\\/logo\\\/image\\\/\"}}]}<\/script>\n<!-- \/ Yoast SEO plugin. -->","yoast_head_json":{"title":"EMPOWER - Empowering Teachers for Science Learning through modelling-based Approaches","robots":{"index":"index","follow":"follow","max-snippet":"max-snippet:-1","max-image-preview":"max-image-preview:large","max-video-preview":"max-video-preview:-1"},"canonical":"https:\/\/empower-modelling.eu\/de\/willkommen\/projekt-empower\/","og_locale":"de_DE","og_type":"article","og_title":"EMPOWER - Empowering Teachers for Science Learning through modelling-based Approaches","og_description":"[vc_row css=&#8220;.vc_custom_1767818906604{margin-top: 60px !important;border-top-width: 20px !important;border-right-width: 5px !important;border-bottom-width: 5px !important;border-left-width: 5px !important;border-left-style: solid !important;border-right-style: solid !important;border-top-style: solid !important;border-bottom-style: solid !important;border-color: [&hellip;]","og_url":"https:\/\/empower-modelling.eu\/de\/willkommen\/projekt-empower\/","og_site_name":"Empowering Teachers for Science Learning through modelling-based Approaches","article_modified_time":"2026-03-25T09:16:45+00:00","twitter_card":"summary_large_image","twitter_misc":{"Gesch\u00e4tzte Lesezeit":"3\u00a0Minuten"},"schema":{"@context":"https:\/\/schema.org","@graph":[{"@type":"WebPage","@id":"https:\/\/empower-modelling.eu\/de\/willkommen\/projekt-empower\/","url":"https:\/\/empower-modelling.eu\/de\/willkommen\/projekt-empower\/","name":"EMPOWER - Empowering Teachers for Science Learning through modelling-based Approaches","isPartOf":{"@id":"https:\/\/empower-modelling.eu\/de\/#website"},"datePublished":"2025-12-01T19:26:21+00:00","dateModified":"2026-03-25T09:16:45+00:00","breadcrumb":{"@id":"https:\/\/empower-modelling.eu\/de\/willkommen\/projekt-empower\/#breadcrumb"},"inLanguage":"de","potentialAction":[{"@type":"ReadAction","target":["https:\/\/empower-modelling.eu\/de\/willkommen\/projekt-empower\/"]}]},{"@type":"BreadcrumbList","@id":"https:\/\/empower-modelling.eu\/de\/willkommen\/projekt-empower\/#breadcrumb","itemListElement":[{"@type":"ListItem","position":1,"name":"Startseite","item":"https:\/\/empower-modelling.eu\/de\/"},{"@type":"ListItem","position":2,"name":"Home","item":"https:\/\/empower-modelling.eu\/de\/"},{"@type":"ListItem","position":3,"name":"EMPOWER"}]},{"@type":"WebSite","@id":"https:\/\/empower-modelling.eu\/de\/#website","url":"https:\/\/empower-modelling.eu\/de\/","name":"Empowering Teachers for Science Learning through modelling-based Approaches","description":"","publisher":{"@id":"https:\/\/empower-modelling.eu\/de\/#organization"},"potentialAction":[{"@type":"SearchAction","target":{"@type":"EntryPoint","urlTemplate":"https:\/\/empower-modelling.eu\/de\/?s={search_term_string}"},"query-input":{"@type":"PropertyValueSpecification","valueRequired":true,"valueName":"search_term_string"}}],"inLanguage":"de"},{"@type":"Organization","@id":"https:\/\/empower-modelling.eu\/de\/#organization","name":"Empowering Teachers for Science Learning through modelling-based Approaches","url":"https:\/\/empower-modelling.eu\/de\/","logo":{"@type":"ImageObject","inLanguage":"de","@id":"https:\/\/empower-modelling.eu\/de\/#\/schema\/logo\/image\/","url":"https:\/\/empower-modelling.eu\/wp-content\/uploads\/2025\/11\/cropped-cropped-FINAL-empower-logo-e1767633380601.png","contentUrl":"https:\/\/empower-modelling.eu\/wp-content\/uploads\/2025\/11\/cropped-cropped-FINAL-empower-logo-e1767633380601.png","width":200,"height":108,"caption":"Empowering Teachers for Science Learning through modelling-based Approaches"},"image":{"@id":"https:\/\/empower-modelling.eu\/de\/#\/schema\/logo\/image\/"}}]}},"_links":{"self":[{"href":"https:\/\/empower-modelling.eu\/de\/wp-json\/wp\/v2\/pages\/910","targetHints":{"allow":["GET"]}}],"collection":[{"href":"https:\/\/empower-modelling.eu\/de\/wp-json\/wp\/v2\/pages"}],"about":[{"href":"https:\/\/empower-modelling.eu\/de\/wp-json\/wp\/v2\/types\/page"}],"author":[{"embeddable":true,"href":"https:\/\/empower-modelling.eu\/de\/wp-json\/wp\/v2\/users\/4"}],"replies":[{"embeddable":true,"href":"https:\/\/empower-modelling.eu\/de\/wp-json\/wp\/v2\/comments?post=910"}],"version-history":[{"count":29,"href":"https:\/\/empower-modelling.eu\/de\/wp-json\/wp\/v2\/pages\/910\/revisions"}],"predecessor-version":[{"id":1425,"href":"https:\/\/empower-modelling.eu\/de\/wp-json\/wp\/v2\/pages\/910\/revisions\/1425"}],"up":[{"embeddable":true,"href":"https:\/\/empower-modelling.eu\/de\/wp-json\/wp\/v2\/pages\/57"}],"wp:attachment":[{"href":"https:\/\/empower-modelling.eu\/de\/wp-json\/wp\/v2\/media?parent=910"}],"curies":[{"name":"wp","href":"https:\/\/api.w.org\/{rel}","templated":true}]}}