{"id":932,"date":"2025-11-18T11:28:00","date_gmt":"2025-11-18T10:28:00","guid":{"rendered":"https:\/\/empower-modelling.eu\/ergebnisse\/"},"modified":"2026-03-25T10:19:43","modified_gmt":"2026-03-25T09:19:43","slug":"ergebnisse","status":"publish","type":"page","link":"https:\/\/empower-modelling.eu\/de\/ergebnisse\/","title":{"rendered":"Ergebnisse"},"content":{"rendered":"<div class=\"wpb-content-wrapper\"><p>[vc_row][vc_column width=&#8220;1\/4&#8243; css=&#8220;.vc_custom_1767863094562{margin-top: 60px !important;border-top-width: 20px !important;border-right-width: 5px !important;border-bottom-width: 5px !important;border-left-width: 5px !important;padding-bottom: 128px !important;border-left-style: solid !important;border-right-style: solid !important;border-top-style: solid !important;border-bottom-style: solid !important;border-color: #2A3689 !important;}&#8220;][vc_wp_custommenu nav_menu=&#8220;29&#8243;][\/vc_column][vc_column width=&#8220;3\/4&#8243; css=&#8220;.vc_custom_1767863100465{margin-top: 60px !important;margin-left: 10px !important;border-top-width: 20px !important;border-right-width: 5px !important;border-bottom-width: 5px !important;border-left-width: 5px !important;border-left-style: solid !important;border-right-style: solid !important;border-top-style: solid !important;border-bottom-style: solid !important;border-color: #2A3689 !important;}&#8220;][vc_column_text css=&#8220;&#8220;]Mit unserem Projekt m\u00f6chten wir Lehrkr\u00e4fte dabei unterst\u00fctzen, modellbasiertes Lernen (MbL) in ihren Unterricht zu integrieren. Zu diesem Zweck wollen wir gemeinsam mit Lehrkr\u00e4ften Selbstlernmodule und Unterrichtsmaterialien f\u00fcr verschiedene F\u00e4cher und Klassenstufen entwickeln. Diese Materialien werden im Laufe des Projekts kontinuierlich weiterentwickelt und hier hochgeladen. Die verf\u00fcgbaren Selbstlernmodule finden sie unter dem entsprechenden Link im Men\u00fc auf der linken Seite.    <\/p>\n<p>Um die Bedarfe der Lehrkr\u00e4fte und auch den Status quo des modellbasierten Lernens in den Schulen zu ermitteln, analysieren wir unter anderem die Bildungspl\u00e4ne der Bundesl\u00e4nder und f\u00fchren Interviews mit Lehrkr\u00e4ften durch. Die Ergebnisse dieser Schritte werden unter \u201eForschungsergebnisse\u201c im Men\u00fc auf der linken Seite verf\u00fcgbar sein.[\/vc_column_text][\/vc_column][\/vc_row]<\/p>\n<\/div>","protected":false},"excerpt":{"rendered":"<p>[vc_row][vc_column width=&#8220;1\/4&#8243; css=&#8220;.vc_custom_1767863094562{margin-top: 60px !important;border-top-width: 20px !important;border-right-width: 5px !important;border-bottom-width: 5px !important;border-left-width: 5px !important;padding-bottom: 128px !important;border-left-style: solid !important;border-right-style: solid !important;border-top-style: solid [&hellip;]<\/p>\n","protected":false},"author":4,"featured_media":0,"parent":0,"menu_order":0,"comment_status":"closed","ping_status":"closed","template":"","meta":{"_acf_changed":false,"site-sidebar-layout":"no-sidebar","site-content-layout":"plain-container","ast-site-content-layout":"default","site-content-style":"default","site-sidebar-style":"default","ast-global-header-display":"","ast-banner-title-visibility":"","ast-main-header-display":"","ast-hfb-above-header-display":"","ast-hfb-below-header-display":"","ast-hfb-mobile-header-display":"","site-post-title":"disabled","ast-breadcrumbs-content":"","ast-featured-img":"disabled","footer-sml-layout":"","theme-transparent-header-meta":"default","adv-header-id-meta":"","stick-header-meta":"","header-above-stick-meta":"","header-main-stick-meta":"","header-below-stick-meta":"","astra-migrate-meta-layouts":"default","ast-page-background-enabled":"default","ast-page-background-meta":{"desktop":{"background-color":"var(--ast-global-color-5)","background-image":"","background-repeat":"repeat","background-position":"center center","background-size":"auto","background-attachment":"scroll","background-type":"","background-media":"","overlay-type":"","overlay-color":"","overlay-opacity":"","overlay-gradient":""},"tablet":{"background-color":"","background-image":"","background-repeat":"repeat","background-position":"center center","background-size":"auto","background-attachment":"scroll","background-type":"","background-media":"","overlay-type":"","overlay-color":"","overlay-opacity":"","overlay-gradient":""},"mobile":{"background-color":"","background-image":"","background-repeat":"repeat","background-position":"center center","background-size":"auto","background-attachment":"scroll","background-type":"","background-media":"","overlay-type":"","overlay-color":"","overlay-opacity":"","overlay-gradient":""}},"ast-content-background-meta":{"desktop":{"background-color":"var(--ast-global-color-4)","background-image":"","background-repeat":"repeat","background-position":"center center","background-size":"auto","background-attachment":"scroll","background-type":"","background-media":"","overlay-type":"","overlay-color":"","overlay-opacity":"","overlay-gradient":""},"tablet":{"background-color":"var(--ast-global-color-4)","background-image":"","background-repeat":"repeat","background-position":"center center","background-size":"auto","background-attachment":"scroll","background-type":"","background-media":"","overlay-type":"","overlay-color":"","overlay-opacity":"","overlay-gradient":""},"mobile":{"background-color":"var(--ast-global-color-4)","background-image":"","background-repeat":"repeat","background-position":"center center","background-size":"auto","background-attachment":"scroll","background-type":"","background-media":"","overlay-type":"","overlay-color":"","overlay-opacity":"","overlay-gradient":""}},"footnotes":""},"class_list":["post-932","page","type-page","status-publish","hentry"],"acf":[],"yoast_head":"<!-- This site is optimized with the Yoast SEO plugin v27.4 - https:\/\/yoast.com\/product\/yoast-seo-wordpress\/ -->\n<title>Ergebnisse - Empowering Teachers for Science Learning through modelling-based Approaches<\/title>\n<meta name=\"robots\" content=\"index, follow, max-snippet:-1, max-image-preview:large, max-video-preview:-1\" \/>\n<link rel=\"canonical\" href=\"https:\/\/empower-modelling.eu\/de\/ergebnisse\/\" \/>\n<meta property=\"og:locale\" content=\"de_DE\" \/>\n<meta property=\"og:type\" content=\"article\" \/>\n<meta property=\"og:title\" content=\"Ergebnisse - Empowering Teachers for Science Learning through modelling-based Approaches\" \/>\n<meta property=\"og:description\" content=\"[vc_row][vc_column width=&#8220;1\/4&#8243; css=&#8220;.vc_custom_1767863094562{margin-top: 60px !important;border-top-width: 20px !important;border-right-width: 5px !important;border-bottom-width: 5px !important;border-left-width: 5px !important;padding-bottom: 128px !important;border-left-style: solid !important;border-right-style: solid !important;border-top-style: solid [&hellip;]\" \/>\n<meta property=\"og:url\" content=\"https:\/\/empower-modelling.eu\/de\/ergebnisse\/\" \/>\n<meta property=\"og:site_name\" content=\"Empowering Teachers for Science Learning through modelling-based Approaches\" \/>\n<meta property=\"article:modified_time\" content=\"2026-03-25T09:19:43+00:00\" \/>\n<meta name=\"twitter:card\" content=\"summary_large_image\" \/>\n<meta name=\"twitter:label1\" content=\"Gesch\u00e4tzte Lesezeit\" \/>\n\t<meta name=\"twitter:data1\" content=\"1\u00a0Minute\" \/>\n<script type=\"application\/ld+json\" class=\"yoast-schema-graph\">{\"@context\":\"https:\\\/\\\/schema.org\",\"@graph\":[{\"@type\":\"WebPage\",\"@id\":\"https:\\\/\\\/empower-modelling.eu\\\/de\\\/ergebnisse\\\/\",\"url\":\"https:\\\/\\\/empower-modelling.eu\\\/de\\\/ergebnisse\\\/\",\"name\":\"Ergebnisse - Empowering Teachers for Science Learning through modelling-based Approaches\",\"isPartOf\":{\"@id\":\"https:\\\/\\\/empower-modelling.eu\\\/de\\\/#website\"},\"datePublished\":\"2025-11-18T10:28:00+00:00\",\"dateModified\":\"2026-03-25T09:19:43+00:00\",\"breadcrumb\":{\"@id\":\"https:\\\/\\\/empower-modelling.eu\\\/de\\\/ergebnisse\\\/#breadcrumb\"},\"inLanguage\":\"de\",\"potentialAction\":[{\"@type\":\"ReadAction\",\"target\":[\"https:\\\/\\\/empower-modelling.eu\\\/de\\\/ergebnisse\\\/\"]}]},{\"@type\":\"BreadcrumbList\",\"@id\":\"https:\\\/\\\/empower-modelling.eu\\\/de\\\/ergebnisse\\\/#breadcrumb\",\"itemListElement\":[{\"@type\":\"ListItem\",\"position\":1,\"name\":\"Startseite\",\"item\":\"https:\\\/\\\/empower-modelling.eu\\\/de\\\/\"},{\"@type\":\"ListItem\",\"position\":2,\"name\":\"Ergebnisse\"}]},{\"@type\":\"WebSite\",\"@id\":\"https:\\\/\\\/empower-modelling.eu\\\/de\\\/#website\",\"url\":\"https:\\\/\\\/empower-modelling.eu\\\/de\\\/\",\"name\":\"Empowering Teachers for Science Learning through modelling-based Approaches\",\"description\":\"\",\"publisher\":{\"@id\":\"https:\\\/\\\/empower-modelling.eu\\\/de\\\/#organization\"},\"potentialAction\":[{\"@type\":\"SearchAction\",\"target\":{\"@type\":\"EntryPoint\",\"urlTemplate\":\"https:\\\/\\\/empower-modelling.eu\\\/de\\\/?s={search_term_string}\"},\"query-input\":{\"@type\":\"PropertyValueSpecification\",\"valueRequired\":true,\"valueName\":\"search_term_string\"}}],\"inLanguage\":\"de\"},{\"@type\":\"Organization\",\"@id\":\"https:\\\/\\\/empower-modelling.eu\\\/de\\\/#organization\",\"name\":\"Empowering Teachers for Science Learning through modelling-based Approaches\",\"url\":\"https:\\\/\\\/empower-modelling.eu\\\/de\\\/\",\"logo\":{\"@type\":\"ImageObject\",\"inLanguage\":\"de\",\"@id\":\"https:\\\/\\\/empower-modelling.eu\\\/de\\\/#\\\/schema\\\/logo\\\/image\\\/\",\"url\":\"https:\\\/\\\/empower-modelling.eu\\\/wp-content\\\/uploads\\\/2025\\\/11\\\/cropped-cropped-FINAL-empower-logo-e1767633380601.png\",\"contentUrl\":\"https:\\\/\\\/empower-modelling.eu\\\/wp-content\\\/uploads\\\/2025\\\/11\\\/cropped-cropped-FINAL-empower-logo-e1767633380601.png\",\"width\":200,\"height\":108,\"caption\":\"Empowering Teachers for Science Learning through modelling-based Approaches\"},\"image\":{\"@id\":\"https:\\\/\\\/empower-modelling.eu\\\/de\\\/#\\\/schema\\\/logo\\\/image\\\/\"}}]}<\/script>\n<!-- \/ Yoast SEO plugin. -->","yoast_head_json":{"title":"Ergebnisse - Empowering Teachers for Science Learning through modelling-based Approaches","robots":{"index":"index","follow":"follow","max-snippet":"max-snippet:-1","max-image-preview":"max-image-preview:large","max-video-preview":"max-video-preview:-1"},"canonical":"https:\/\/empower-modelling.eu\/de\/ergebnisse\/","og_locale":"de_DE","og_type":"article","og_title":"Ergebnisse - Empowering Teachers for Science Learning through modelling-based Approaches","og_description":"[vc_row][vc_column width=&#8220;1\/4&#8243; css=&#8220;.vc_custom_1767863094562{margin-top: 60px !important;border-top-width: 20px !important;border-right-width: 5px !important;border-bottom-width: 5px !important;border-left-width: 5px !important;padding-bottom: 128px !important;border-left-style: solid !important;border-right-style: solid !important;border-top-style: solid [&hellip;]","og_url":"https:\/\/empower-modelling.eu\/de\/ergebnisse\/","og_site_name":"Empowering Teachers for Science Learning through modelling-based Approaches","article_modified_time":"2026-03-25T09:19:43+00:00","twitter_card":"summary_large_image","twitter_misc":{"Gesch\u00e4tzte Lesezeit":"1\u00a0Minute"},"schema":{"@context":"https:\/\/schema.org","@graph":[{"@type":"WebPage","@id":"https:\/\/empower-modelling.eu\/de\/ergebnisse\/","url":"https:\/\/empower-modelling.eu\/de\/ergebnisse\/","name":"Ergebnisse - Empowering Teachers for Science Learning through modelling-based Approaches","isPartOf":{"@id":"https:\/\/empower-modelling.eu\/de\/#website"},"datePublished":"2025-11-18T10:28:00+00:00","dateModified":"2026-03-25T09:19:43+00:00","breadcrumb":{"@id":"https:\/\/empower-modelling.eu\/de\/ergebnisse\/#breadcrumb"},"inLanguage":"de","potentialAction":[{"@type":"ReadAction","target":["https:\/\/empower-modelling.eu\/de\/ergebnisse\/"]}]},{"@type":"BreadcrumbList","@id":"https:\/\/empower-modelling.eu\/de\/ergebnisse\/#breadcrumb","itemListElement":[{"@type":"ListItem","position":1,"name":"Startseite","item":"https:\/\/empower-modelling.eu\/de\/"},{"@type":"ListItem","position":2,"name":"Ergebnisse"}]},{"@type":"WebSite","@id":"https:\/\/empower-modelling.eu\/de\/#website","url":"https:\/\/empower-modelling.eu\/de\/","name":"Empowering Teachers for Science Learning through modelling-based Approaches","description":"","publisher":{"@id":"https:\/\/empower-modelling.eu\/de\/#organization"},"potentialAction":[{"@type":"SearchAction","target":{"@type":"EntryPoint","urlTemplate":"https:\/\/empower-modelling.eu\/de\/?s={search_term_string}"},"query-input":{"@type":"PropertyValueSpecification","valueRequired":true,"valueName":"search_term_string"}}],"inLanguage":"de"},{"@type":"Organization","@id":"https:\/\/empower-modelling.eu\/de\/#organization","name":"Empowering Teachers for Science Learning through modelling-based Approaches","url":"https:\/\/empower-modelling.eu\/de\/","logo":{"@type":"ImageObject","inLanguage":"de","@id":"https:\/\/empower-modelling.eu\/de\/#\/schema\/logo\/image\/","url":"https:\/\/empower-modelling.eu\/wp-content\/uploads\/2025\/11\/cropped-cropped-FINAL-empower-logo-e1767633380601.png","contentUrl":"https:\/\/empower-modelling.eu\/wp-content\/uploads\/2025\/11\/cropped-cropped-FINAL-empower-logo-e1767633380601.png","width":200,"height":108,"caption":"Empowering Teachers for Science Learning through modelling-based Approaches"},"image":{"@id":"https:\/\/empower-modelling.eu\/de\/#\/schema\/logo\/image\/"}}]}},"_links":{"self":[{"href":"https:\/\/empower-modelling.eu\/de\/wp-json\/wp\/v2\/pages\/932","targetHints":{"allow":["GET"]}}],"collection":[{"href":"https:\/\/empower-modelling.eu\/de\/wp-json\/wp\/v2\/pages"}],"about":[{"href":"https:\/\/empower-modelling.eu\/de\/wp-json\/wp\/v2\/types\/page"}],"author":[{"embeddable":true,"href":"https:\/\/empower-modelling.eu\/de\/wp-json\/wp\/v2\/users\/4"}],"replies":[{"embeddable":true,"href":"https:\/\/empower-modelling.eu\/de\/wp-json\/wp\/v2\/comments?post=932"}],"version-history":[{"count":17,"href":"https:\/\/empower-modelling.eu\/de\/wp-json\/wp\/v2\/pages\/932\/revisions"}],"predecessor-version":[{"id":1432,"href":"https:\/\/empower-modelling.eu\/de\/wp-json\/wp\/v2\/pages\/932\/revisions\/1432"}],"wp:attachment":[{"href":"https:\/\/empower-modelling.eu\/de\/wp-json\/wp\/v2\/media?parent=932"}],"curies":[{"name":"wp","href":"https:\/\/api.w.org\/{rel}","templated":true}]}}