{"id":988,"date":"2025-11-20T09:56:50","date_gmt":"2025-11-20T08:56:50","guid":{"rendered":"https:\/\/empower-modelling.eu\/ergebnisse\/forschungsprodukte\/"},"modified":"2026-03-25T10:21:15","modified_gmt":"2026-03-25T09:21:15","slug":"forschungsprodukte","status":"publish","type":"page","link":"https:\/\/empower-modelling.eu\/de\/ergebnisse\/forschungsprodukte\/","title":{"rendered":"Forschungsprodukte"},"content":{"rendered":"<div class=\"wpb-content-wrapper\"><p>[vc_row][vc_column][vc_column_text css=&#8220;&#8220;]<strong>Scoping Review:<\/strong> Das Scoping Review untersucht Ans\u00e4tze, Themen, Instrumente (einschlie\u00dflich digitaler Technologien), Altersgruppen der Sch\u00fcler*innen und erwartete Lernergebnisse des modellbasierten Lernens im naturwissenschaftlichen Unterricht. Das Review umfasst internationale Literatur und Literatur in den Landessprachen der Partnerl\u00e4nder. <\/p>\n<h4><span style=\"color: #ff0000;\">In K\u00fcrze verf\u00fcgbar &#8230;<\/span><\/h4>\n<hr>\n<p><strong>Fokusgruppeninterviews:<\/strong> Im Rahmen des Projekts werden Fokusgruppeninterviews mit aktiven Lehrkr\u00e4ften und nationalen Interessengruppen in jedem teilnehmenden Land durchgef\u00fchrt, um die Bed\u00fcrfnisse und Erfahrungen der Lehrkr\u00e4fte sowie den aktuellen Stand des modellbasierten Unterrichts zu ermitteln.<\/p>\n<h4><span style=\"color: #ff0000;\">In K\u00fcrze verf\u00fcgbar &#8230;<\/span><\/h4>\n<hr>\n<p><strong>\u00dcberpr\u00fcfung der nationalen Lehrpl\u00e4ne:<\/strong> Die systematische \u00dcberpr\u00fcfung der nationalen naturwissenschaftlichen Lehrpl\u00e4ne in den teilnehmenden L\u00e4ndern untersucht den aktuellen Stand des modellbasierten Lernens im naturwissenschaftlichen Unterricht.<\/p>\n<h4><span style=\"color: #ff0000;\">In K\u00fcrze verf\u00fcgbar &#8230;<\/span><\/h4>\n<hr>\n<p><strong>Der konzeptionelle Rahmen:<\/strong> Der konzeptionelle Rahmen f\u00fcr modellbasiertes Lernen im naturwissenschaftlichen Unterricht integriert aktuelle theoretische Rahmenkonzepte, den aktuellen Stand des modellbasierten Lernens, die Bed\u00fcrfnisse der Lehrkr\u00e4fte und formuliert Lernziele, Lernergebnisse und Kompetenzen.<\/p>\n<h4><span style=\"color: #ff0000;\">In K\u00fcrze verf\u00fcgbar &#8230;<\/span><\/h4>\n<hr>\n<p><strong>Ver\u00f6ffentlichungen:<\/strong> W\u00e4hrend der gesamten Projektlaufzeit st\u00e4rken wissenschaftliche Ver\u00f6ffentlichungen zum modellbasierten Lernen den wissenschaftlichen Diskurs und erweitern die Forschung zu MbL. Die Partner*innen tragen mit umfangreichen fr\u00fcheren und laufenden Forschungsarbeiten dazu bei. <\/p>\n<h4><span style=\"color: #ff0000;\">In K\u00fcrze verf\u00fcgbar &#8230;<\/span><\/h4>\n<p>[\/vc_column_text][\/vc_column][\/vc_row][vc_row][vc_column][vc_single_image image=&#8220;987&#8243; img_size=&#8220;700&#215;550&#8243; alignment=&#8220;center&#8220; css=&#8220;.vc_custom_1764680344656{margin-top: -70px !important;}&#8220;][\/vc_column][\/vc_row]<\/p>\n<\/div>","protected":false},"excerpt":{"rendered":"<p>[vc_row][vc_column][vc_column_text css=&#8220;&#8220;]Scoping Review: Das Scoping Review untersucht Ans\u00e4tze, Themen, Instrumente (einschlie\u00dflich digitaler Technologien), Altersgruppen der Sch\u00fcler*innen und erwartete Lernergebnisse des [&hellip;]<\/p>\n","protected":false},"author":4,"featured_media":0,"parent":932,"menu_order":0,"comment_status":"closed","ping_status":"closed","template":"","meta":{"_acf_changed":false,"site-sidebar-layout":"no-sidebar","site-content-layout":"plain-container","ast-site-content-layout":"default","site-content-style":"default","site-sidebar-style":"default","ast-global-header-display":"","ast-banner-title-visibility":"","ast-main-header-display":"","ast-hfb-above-header-display":"","ast-hfb-below-header-display":"","ast-hfb-mobile-header-display":"","site-post-title":"","ast-breadcrumbs-content":"","ast-featured-img":"disabled","footer-sml-layout":"","theme-transparent-header-meta":"default","adv-header-id-meta":"","stick-header-meta":"","header-above-stick-meta":"","header-main-stick-meta":"","header-below-stick-meta":"","astra-migrate-meta-layouts":"default","ast-page-background-enabled":"default","ast-page-background-meta":{"desktop":{"background-color":"var(--ast-global-color-5)","background-image":"","background-repeat":"repeat","background-position":"center center","background-size":"auto","background-attachment":"scroll","background-type":"","background-media":"","overlay-type":"","overlay-color":"","overlay-opacity":"","overlay-gradient":""},"tablet":{"background-color":"","background-image":"","background-repeat":"repeat","background-position":"center center","background-size":"auto","background-attachment":"scroll","background-type":"","background-media":"","overlay-type":"","overlay-color":"","overlay-opacity":"","overlay-gradient":""},"mobile":{"background-color":"","background-image":"","background-repeat":"repeat","background-position":"center center","background-size":"auto","background-attachment":"scroll","background-type":"","background-media":"","overlay-type":"","overlay-color":"","overlay-opacity":"","overlay-gradient":""}},"ast-content-background-meta":{"desktop":{"background-color":"var(--ast-global-color-4)","background-image":"","background-repeat":"repeat","background-position":"center center","background-size":"auto","background-attachment":"scroll","background-type":"","background-media":"","overlay-type":"","overlay-color":"","overlay-opacity":"","overlay-gradient":""},"tablet":{"background-color":"var(--ast-global-color-4)","background-image":"","background-repeat":"repeat","background-position":"center center","background-size":"auto","background-attachment":"scroll","background-type":"","background-media":"","overlay-type":"","overlay-color":"","overlay-opacity":"","overlay-gradient":""},"mobile":{"background-color":"var(--ast-global-color-4)","background-image":"","background-repeat":"repeat","background-position":"center center","background-size":"auto","background-attachment":"scroll","background-type":"","background-media":"","overlay-type":"","overlay-color":"","overlay-opacity":"","overlay-gradient":""}},"footnotes":""},"class_list":["post-988","page","type-page","status-publish","hentry"],"acf":[],"yoast_head":"<!-- This site is optimized with the Yoast SEO plugin v27.4 - https:\/\/yoast.com\/product\/yoast-seo-wordpress\/ -->\n<title>Forschungsprodukte - Empowering Teachers for Science Learning through modelling-based Approaches<\/title>\n<meta name=\"robots\" content=\"index, follow, max-snippet:-1, max-image-preview:large, max-video-preview:-1\" \/>\n<link rel=\"canonical\" href=\"https:\/\/empower-modelling.eu\/de\/ergebnisse\/forschungsprodukte\/\" \/>\n<meta property=\"og:locale\" content=\"de_DE\" \/>\n<meta property=\"og:type\" content=\"article\" \/>\n<meta property=\"og:title\" content=\"Forschungsprodukte - Empowering Teachers for Science Learning through modelling-based Approaches\" \/>\n<meta property=\"og:description\" content=\"[vc_row][vc_column][vc_column_text css=&#8220;&#8220;]Scoping Review: Das Scoping Review untersucht Ans\u00e4tze, Themen, Instrumente (einschlie\u00dflich digitaler Technologien), Altersgruppen der Sch\u00fcler*innen und erwartete Lernergebnisse des [&hellip;]\" \/>\n<meta property=\"og:url\" content=\"https:\/\/empower-modelling.eu\/de\/ergebnisse\/forschungsprodukte\/\" \/>\n<meta property=\"og:site_name\" content=\"Empowering Teachers for Science Learning through modelling-based Approaches\" \/>\n<meta property=\"article:modified_time\" content=\"2026-03-25T09:21:15+00:00\" \/>\n<meta name=\"twitter:card\" content=\"summary_large_image\" \/>\n<meta name=\"twitter:label1\" content=\"Gesch\u00e4tzte Lesezeit\" \/>\n\t<meta name=\"twitter:data1\" content=\"1\u00a0Minute\" \/>\n<script type=\"application\/ld+json\" class=\"yoast-schema-graph\">{\"@context\":\"https:\\\/\\\/schema.org\",\"@graph\":[{\"@type\":\"WebPage\",\"@id\":\"https:\\\/\\\/empower-modelling.eu\\\/de\\\/ergebnisse\\\/forschungsprodukte\\\/\",\"url\":\"https:\\\/\\\/empower-modelling.eu\\\/de\\\/ergebnisse\\\/forschungsprodukte\\\/\",\"name\":\"Forschungsprodukte - Empowering Teachers for Science Learning through modelling-based Approaches\",\"isPartOf\":{\"@id\":\"https:\\\/\\\/empower-modelling.eu\\\/de\\\/#website\"},\"datePublished\":\"2025-11-20T08:56:50+00:00\",\"dateModified\":\"2026-03-25T09:21:15+00:00\",\"breadcrumb\":{\"@id\":\"https:\\\/\\\/empower-modelling.eu\\\/de\\\/ergebnisse\\\/forschungsprodukte\\\/#breadcrumb\"},\"inLanguage\":\"de\",\"potentialAction\":[{\"@type\":\"ReadAction\",\"target\":[\"https:\\\/\\\/empower-modelling.eu\\\/de\\\/ergebnisse\\\/forschungsprodukte\\\/\"]}]},{\"@type\":\"BreadcrumbList\",\"@id\":\"https:\\\/\\\/empower-modelling.eu\\\/de\\\/ergebnisse\\\/forschungsprodukte\\\/#breadcrumb\",\"itemListElement\":[{\"@type\":\"ListItem\",\"position\":1,\"name\":\"Startseite\",\"item\":\"https:\\\/\\\/empower-modelling.eu\\\/de\\\/\"},{\"@type\":\"ListItem\",\"position\":2,\"name\":\"Ergebnisse\",\"item\":\"https:\\\/\\\/empower-modelling.eu\\\/de\\\/ergebnisse\\\/\"},{\"@type\":\"ListItem\",\"position\":3,\"name\":\"Forschungsprodukte\"}]},{\"@type\":\"WebSite\",\"@id\":\"https:\\\/\\\/empower-modelling.eu\\\/de\\\/#website\",\"url\":\"https:\\\/\\\/empower-modelling.eu\\\/de\\\/\",\"name\":\"Empowering Teachers for Science Learning through modelling-based Approaches\",\"description\":\"\",\"publisher\":{\"@id\":\"https:\\\/\\\/empower-modelling.eu\\\/de\\\/#organization\"},\"potentialAction\":[{\"@type\":\"SearchAction\",\"target\":{\"@type\":\"EntryPoint\",\"urlTemplate\":\"https:\\\/\\\/empower-modelling.eu\\\/de\\\/?s={search_term_string}\"},\"query-input\":{\"@type\":\"PropertyValueSpecification\",\"valueRequired\":true,\"valueName\":\"search_term_string\"}}],\"inLanguage\":\"de\"},{\"@type\":\"Organization\",\"@id\":\"https:\\\/\\\/empower-modelling.eu\\\/de\\\/#organization\",\"name\":\"Empowering Teachers for Science Learning through modelling-based Approaches\",\"url\":\"https:\\\/\\\/empower-modelling.eu\\\/de\\\/\",\"logo\":{\"@type\":\"ImageObject\",\"inLanguage\":\"de\",\"@id\":\"https:\\\/\\\/empower-modelling.eu\\\/de\\\/#\\\/schema\\\/logo\\\/image\\\/\",\"url\":\"https:\\\/\\\/empower-modelling.eu\\\/wp-content\\\/uploads\\\/2025\\\/11\\\/cropped-cropped-FINAL-empower-logo-e1767633380601.png\",\"contentUrl\":\"https:\\\/\\\/empower-modelling.eu\\\/wp-content\\\/uploads\\\/2025\\\/11\\\/cropped-cropped-FINAL-empower-logo-e1767633380601.png\",\"width\":200,\"height\":108,\"caption\":\"Empowering Teachers for Science Learning through modelling-based Approaches\"},\"image\":{\"@id\":\"https:\\\/\\\/empower-modelling.eu\\\/de\\\/#\\\/schema\\\/logo\\\/image\\\/\"}}]}<\/script>\n<!-- \/ Yoast SEO plugin. -->","yoast_head_json":{"title":"Forschungsprodukte - Empowering Teachers for Science Learning through modelling-based Approaches","robots":{"index":"index","follow":"follow","max-snippet":"max-snippet:-1","max-image-preview":"max-image-preview:large","max-video-preview":"max-video-preview:-1"},"canonical":"https:\/\/empower-modelling.eu\/de\/ergebnisse\/forschungsprodukte\/","og_locale":"de_DE","og_type":"article","og_title":"Forschungsprodukte - Empowering Teachers for Science Learning through modelling-based Approaches","og_description":"[vc_row][vc_column][vc_column_text css=&#8220;&#8220;]Scoping Review: Das Scoping Review untersucht Ans\u00e4tze, Themen, Instrumente (einschlie\u00dflich digitaler Technologien), Altersgruppen der Sch\u00fcler*innen und erwartete Lernergebnisse des [&hellip;]","og_url":"https:\/\/empower-modelling.eu\/de\/ergebnisse\/forschungsprodukte\/","og_site_name":"Empowering Teachers for Science Learning through modelling-based Approaches","article_modified_time":"2026-03-25T09:21:15+00:00","twitter_card":"summary_large_image","twitter_misc":{"Gesch\u00e4tzte Lesezeit":"1\u00a0Minute"},"schema":{"@context":"https:\/\/schema.org","@graph":[{"@type":"WebPage","@id":"https:\/\/empower-modelling.eu\/de\/ergebnisse\/forschungsprodukte\/","url":"https:\/\/empower-modelling.eu\/de\/ergebnisse\/forschungsprodukte\/","name":"Forschungsprodukte - Empowering Teachers for Science Learning through modelling-based Approaches","isPartOf":{"@id":"https:\/\/empower-modelling.eu\/de\/#website"},"datePublished":"2025-11-20T08:56:50+00:00","dateModified":"2026-03-25T09:21:15+00:00","breadcrumb":{"@id":"https:\/\/empower-modelling.eu\/de\/ergebnisse\/forschungsprodukte\/#breadcrumb"},"inLanguage":"de","potentialAction":[{"@type":"ReadAction","target":["https:\/\/empower-modelling.eu\/de\/ergebnisse\/forschungsprodukte\/"]}]},{"@type":"BreadcrumbList","@id":"https:\/\/empower-modelling.eu\/de\/ergebnisse\/forschungsprodukte\/#breadcrumb","itemListElement":[{"@type":"ListItem","position":1,"name":"Startseite","item":"https:\/\/empower-modelling.eu\/de\/"},{"@type":"ListItem","position":2,"name":"Ergebnisse","item":"https:\/\/empower-modelling.eu\/de\/ergebnisse\/"},{"@type":"ListItem","position":3,"name":"Forschungsprodukte"}]},{"@type":"WebSite","@id":"https:\/\/empower-modelling.eu\/de\/#website","url":"https:\/\/empower-modelling.eu\/de\/","name":"Empowering Teachers for Science Learning through modelling-based Approaches","description":"","publisher":{"@id":"https:\/\/empower-modelling.eu\/de\/#organization"},"potentialAction":[{"@type":"SearchAction","target":{"@type":"EntryPoint","urlTemplate":"https:\/\/empower-modelling.eu\/de\/?s={search_term_string}"},"query-input":{"@type":"PropertyValueSpecification","valueRequired":true,"valueName":"search_term_string"}}],"inLanguage":"de"},{"@type":"Organization","@id":"https:\/\/empower-modelling.eu\/de\/#organization","name":"Empowering Teachers for Science Learning through modelling-based Approaches","url":"https:\/\/empower-modelling.eu\/de\/","logo":{"@type":"ImageObject","inLanguage":"de","@id":"https:\/\/empower-modelling.eu\/de\/#\/schema\/logo\/image\/","url":"https:\/\/empower-modelling.eu\/wp-content\/uploads\/2025\/11\/cropped-cropped-FINAL-empower-logo-e1767633380601.png","contentUrl":"https:\/\/empower-modelling.eu\/wp-content\/uploads\/2025\/11\/cropped-cropped-FINAL-empower-logo-e1767633380601.png","width":200,"height":108,"caption":"Empowering Teachers for Science Learning through modelling-based Approaches"},"image":{"@id":"https:\/\/empower-modelling.eu\/de\/#\/schema\/logo\/image\/"}}]}},"_links":{"self":[{"href":"https:\/\/empower-modelling.eu\/de\/wp-json\/wp\/v2\/pages\/988","targetHints":{"allow":["GET"]}}],"collection":[{"href":"https:\/\/empower-modelling.eu\/de\/wp-json\/wp\/v2\/pages"}],"about":[{"href":"https:\/\/empower-modelling.eu\/de\/wp-json\/wp\/v2\/types\/page"}],"author":[{"embeddable":true,"href":"https:\/\/empower-modelling.eu\/de\/wp-json\/wp\/v2\/users\/4"}],"replies":[{"embeddable":true,"href":"https:\/\/empower-modelling.eu\/de\/wp-json\/wp\/v2\/comments?post=988"}],"version-history":[{"count":19,"href":"https:\/\/empower-modelling.eu\/de\/wp-json\/wp\/v2\/pages\/988\/revisions"}],"predecessor-version":[{"id":1440,"href":"https:\/\/empower-modelling.eu\/de\/wp-json\/wp\/v2\/pages\/988\/revisions\/1440"}],"up":[{"embeddable":true,"href":"https:\/\/empower-modelling.eu\/de\/wp-json\/wp\/v2\/pages\/932"}],"wp:attachment":[{"href":"https:\/\/empower-modelling.eu\/de\/wp-json\/wp\/v2\/media?parent=988"}],"curies":[{"name":"wp","href":"https:\/\/api.w.org\/{rel}","templated":true}]}}