{"id":698,"date":"2025-12-02T09:09:03","date_gmt":"2025-12-02T08:09:03","guid":{"rendered":"https:\/\/empower-modelling.eu\/erasmus\/"},"modified":"2026-01-12T15:01:45","modified_gmt":"2026-01-12T14:01:45","slug":"erasmus","status":"publish","type":"page","link":"https:\/\/empower-modelling.eu\/es\/erasmus\/","title":{"rendered":"Erasmus+"},"content":{"rendered":"<div class=\"wpb-content-wrapper\"><p>[vc_row css=\u00bb.vc_custom_1767818802261{margin-top: 60px !important;}\u00bb][vc_column width=\u00bb1\/4&#8243; css=\u00bb.vc_custom_1765966148568{margin-top: 20px !important;}\u00bb][vc_single_image image=\u00bb697&#8243; img_size=\u00bblarge\u00bb alignment=\u00bbright\u00bb css=\u00bb.vc_custom_1765966137187{margin-top: 30px !important;margin-right: -60px !important;}\u00bb][\/vc_column][vc_column width=\u00bb3\/4&#8243; css=\u00bb.vc_custom_1767818843507{margin-bottom: 5px !important;border-top-width: 20px !important;border-right-width: 5px !important;border-bottom-width: 5px !important;border-left-width: 5px !important;border-left-style: solid !important;border-right-style: solid !important;border-top-style: solid !important;border-bottom-style: solid !important;border-color: #2A3689 !important;}\u00bb][vc_column_text css=\u00bb.vc_custom_1767820052495{padding-right: 5px !important;padding-left: 10px !important;}\u00bb]<\/p>\n<p data-start=\"50\" data-end=\"585\"><strong data-start=\"50\" data-end=\"62\">Erasmus+<\/strong> es el programa insignia de la Uni\u00f3n Europea para fortalecer la educaci\u00f3n, la cooperaci\u00f3n y la innovaci\u00f3n en toda Europa. Para las universidades, ofrece oportunidades \u00fanicas para crear proyectos de colaboraci\u00f3n internacional, desarrollar perspectivas estrat\u00e9gicas y trabajar con instituciones asociadas para dise\u00f1ar enfoques educativos con visi\u00f3n de futuro. Con un presupuesto de m\u00e1s de 26 000 millones de euros para el actual per\u00edodo de financiaci\u00f3n (2021-2027), Erasmus+ proporciona un marco fiable para fomentar la cooperaci\u00f3n a largo plazo entre las instituciones de educaci\u00f3n superior.  <\/p>\n<p data-start=\"587\" data-end=\"1151\">Cada a\u00f1o, el programa apoya decenas de miles de proyectos en los que participan universidades, institutos de investigaci\u00f3n y otras organizaciones educativas de toda Europa. Estos proyectos no solo promueven la movilidad de los estudiantes y el personal, sino que tambi\u00e9n se centran en el desarrollo conjunto de conceptos pedag\u00f3gicos innovadores, entornos de aprendizaje digitales, la reforma de los planes de estudios y la investigaci\u00f3n educativa basada en datos emp\u00edricos. A trav\u00e9s de la colaboraci\u00f3n en consorcios internacionales, se crean estructuras sostenibles que mejoran el intercambio de conocimientos y la calidad general de la educaci\u00f3n superior.  <\/p>\n<p data-start=\"1153\" data-end=\"1831\">Los objetivos de Erasmus+ van mucho m\u00e1s all\u00e1 del intercambio internacional. El programa hace especial hincapi\u00e9 en la inclusi\u00f3n social, garantizando que personas de todos los or\u00edgenes tengan acceso equitativo a las oportunidades educativas. Tambi\u00e9n da prioridad a la transformaci\u00f3n digital y promueve un enfoque educativo responsable con el medio ambiente y sostenible. Como resultado, muchos proyectos abordan temas como la digitalizaci\u00f3n, la conciencia medioambiental o el desarrollo sostenible. Adem\u00e1s, Erasmus+ apoya el compromiso democr\u00e1tico, la participaci\u00f3n de los j\u00f3venes y el desarrollo de las competencias clave necesarias para vivir y trabajar de forma independiente en un mundo cada vez m\u00e1s interconectado.    <\/p>\n<p data-start=\"1833\" data-end=\"2190\" data-is-last-node=\"\" data-is-only-node=\"\">En el caso de los proyectos de colaboraci\u00f3n, esto significa que se espera que sean innovadores, inclusivos y con visi\u00f3n de futuro, y que aporten un claro valor a\u00f1adido al panorama de la educaci\u00f3n superior europea. A trav\u00e9s de Erasmus+, se apoya a las universidades en el desarrollo de soluciones colaborativas a los retos actuales y en el fortalecimiento del sector educativo de forma sostenible y significativa. <\/p>\n<p>&nbsp;<\/p>\n<p>Para m\u00e1s informaci\u00f3n sobre Erasmus+, <a href=\"https:\/\/erasmus-plus.ec.europa.eu\/\" target=\"_blank\" rel=\"noopener\">consulte aqu\u00ed.<\/a>[\/vc_column_text][\/vc_column][\/vc_row]<\/p>\n<\/div>","protected":false},"excerpt":{"rendered":"<p>[vc_row css=\u00bb.vc_custom_1767818802261{margin-top: 60px !important;}\u00bb][vc_column width=\u00bb1\/4&#8243; css=\u00bb.vc_custom_1765966148568{margin-top: 20px !important;}\u00bb][vc_single_image image=\u00bb697&#8243; img_size=\u00bblarge\u00bb alignment=\u00bbright\u00bb css=\u00bb.vc_custom_1765966137187{margin-top: 30px !important;margin-right: -60px !important;}\u00bb][\/vc_column][vc_column width=\u00bb3\/4&#8243; css=\u00bb.vc_custom_1767818843507{margin-bottom: 5px !important;border-top-width: [&hellip;]<\/p>\n","protected":false},"author":4,"featured_media":0,"parent":0,"menu_order":0,"comment_status":"closed","ping_status":"closed","template":"","meta":{"_acf_changed":false,"site-sidebar-layout":"no-sidebar","site-content-layout":"plain-container","ast-site-content-layout":"default","site-content-style":"default","site-sidebar-style":"default","ast-global-header-display":"","ast-banner-title-visibility":"","ast-main-header-display":"","ast-hfb-above-header-display":"","ast-hfb-below-header-display":"","ast-hfb-mobile-header-display":"","site-post-title":"disabled","ast-breadcrumbs-content":"","ast-featured-img":"disabled","footer-sml-layout":"","theme-transparent-header-meta":"default","adv-header-id-meta":"","stick-header-meta":"","header-above-stick-meta":"","header-main-stick-meta":"","header-below-stick-meta":"","astra-migrate-meta-layouts":"default","ast-page-background-enabled":"default","ast-page-background-meta":{"desktop":{"background-color":"var(--ast-global-color-5)","background-image":"","background-repeat":"repeat","background-position":"center center","background-size":"auto","background-attachment":"scroll","background-type":"","background-media":"","overlay-type":"","overlay-color":"","overlay-opacity":"","overlay-gradient":""},"tablet":{"background-color":"","background-image":"","background-repeat":"repeat","background-position":"center center","background-size":"auto","background-attachment":"scroll","background-type":"","background-media":"","overlay-type":"","overlay-color":"","overlay-opacity":"","overlay-gradient":""},"mobile":{"background-color":"","background-image":"","background-repeat":"repeat","background-position":"center center","background-size":"auto","background-attachment":"scroll","background-type":"","background-media":"","overlay-type":"","overlay-color":"","overlay-opacity":"","overlay-gradient":""}},"ast-content-background-meta":{"desktop":{"background-color":"var(--ast-global-color-4)","background-image":"","background-repeat":"repeat","background-position":"center center","background-size":"auto","background-attachment":"scroll","background-type":"","background-media":"","overlay-type":"","overlay-color":"","overlay-opacity":"","overlay-gradient":""},"tablet":{"background-color":"var(--ast-global-color-4)","background-image":"","background-repeat":"repeat","background-position":"center center","background-size":"auto","background-attachment":"scroll","background-type":"","background-media":"","overlay-type":"","overlay-color":"","overlay-opacity":"","overlay-gradient":""},"mobile":{"background-color":"var(--ast-global-color-4)","background-image":"","background-repeat":"repeat","background-position":"center center","background-size":"auto","background-attachment":"scroll","background-type":"","background-media":"","overlay-type":"","overlay-color":"","overlay-opacity":"","overlay-gradient":""}},"footnotes":""},"class_list":["post-698","page","type-page","status-publish","hentry"],"acf":[],"yoast_head":"<!-- This site is optimized with the Yoast SEO plugin v27.5 - https:\/\/yoast.com\/product\/yoast-seo-wordpress\/ -->\n<title>Erasmus+ - Empowering Teachers for Science Learning through modelling-based Approaches<\/title>\n<meta name=\"robots\" content=\"index, follow, max-snippet:-1, max-image-preview:large, max-video-preview:-1\" \/>\n<link rel=\"canonical\" href=\"https:\/\/empower-modelling.eu\/es\/erasmus\/\" \/>\n<meta property=\"og:locale\" content=\"es_ES\" \/>\n<meta property=\"og:type\" content=\"article\" \/>\n<meta property=\"og:title\" content=\"Erasmus+ - Empowering Teachers for Science Learning through modelling-based Approaches\" \/>\n<meta property=\"og:description\" content=\"[vc_row css=\u00bb.vc_custom_1767818802261{margin-top: 60px !important;}\u00bb][vc_column width=\u00bb1\/4&#8243; css=\u00bb.vc_custom_1765966148568{margin-top: 20px !important;}\u00bb][vc_single_image image=\u00bb697&#8243; img_size=\u00bblarge\u00bb alignment=\u00bbright\u00bb css=\u00bb.vc_custom_1765966137187{margin-top: 30px !important;margin-right: -60px !important;}\u00bb][\/vc_column][vc_column width=\u00bb3\/4&#8243; css=\u00bb.vc_custom_1767818843507{margin-bottom: 5px !important;border-top-width: [&hellip;]\" \/>\n<meta property=\"og:url\" content=\"https:\/\/empower-modelling.eu\/es\/erasmus\/\" \/>\n<meta property=\"og:site_name\" content=\"Empowering Teachers for Science Learning through modelling-based Approaches\" \/>\n<meta property=\"article:modified_time\" content=\"2026-01-12T14:01:45+00:00\" \/>\n<meta name=\"twitter:card\" content=\"summary_large_image\" \/>\n<meta name=\"twitter:label1\" content=\"Tiempo de lectura\" \/>\n\t<meta name=\"twitter:data1\" content=\"2 minutos\" \/>\n<script type=\"application\/ld+json\" class=\"yoast-schema-graph\">{\"@context\":\"https:\\\/\\\/schema.org\",\"@graph\":[{\"@type\":\"WebPage\",\"@id\":\"https:\\\/\\\/empower-modelling.eu\\\/es\\\/erasmus\\\/\",\"url\":\"https:\\\/\\\/empower-modelling.eu\\\/es\\\/erasmus\\\/\",\"name\":\"Erasmus+ - Empowering Teachers for Science Learning through modelling-based Approaches\",\"isPartOf\":{\"@id\":\"https:\\\/\\\/empower-modelling.eu\\\/es\\\/#website\"},\"datePublished\":\"2025-12-02T08:09:03+00:00\",\"dateModified\":\"2026-01-12T14:01:45+00:00\",\"breadcrumb\":{\"@id\":\"https:\\\/\\\/empower-modelling.eu\\\/es\\\/erasmus\\\/#breadcrumb\"},\"inLanguage\":\"es\",\"potentialAction\":[{\"@type\":\"ReadAction\",\"target\":[\"https:\\\/\\\/empower-modelling.eu\\\/es\\\/erasmus\\\/\"]}]},{\"@type\":\"BreadcrumbList\",\"@id\":\"https:\\\/\\\/empower-modelling.eu\\\/es\\\/erasmus\\\/#breadcrumb\",\"itemListElement\":[{\"@type\":\"ListItem\",\"position\":1,\"name\":\"Startseite\",\"item\":\"https:\\\/\\\/empower-modelling.eu\\\/es\\\/\"},{\"@type\":\"ListItem\",\"position\":2,\"name\":\"Erasmus+\"}]},{\"@type\":\"WebSite\",\"@id\":\"https:\\\/\\\/empower-modelling.eu\\\/es\\\/#website\",\"url\":\"https:\\\/\\\/empower-modelling.eu\\\/es\\\/\",\"name\":\"Empowering Teachers for Science Learning through modelling-based Approaches\",\"description\":\"\",\"publisher\":{\"@id\":\"https:\\\/\\\/empower-modelling.eu\\\/es\\\/#organization\"},\"potentialAction\":[{\"@type\":\"SearchAction\",\"target\":{\"@type\":\"EntryPoint\",\"urlTemplate\":\"https:\\\/\\\/empower-modelling.eu\\\/es\\\/?s={search_term_string}\"},\"query-input\":{\"@type\":\"PropertyValueSpecification\",\"valueRequired\":true,\"valueName\":\"search_term_string\"}}],\"inLanguage\":\"es\"},{\"@type\":\"Organization\",\"@id\":\"https:\\\/\\\/empower-modelling.eu\\\/es\\\/#organization\",\"name\":\"Empowering Teachers for Science Learning through modelling-based Approaches\",\"url\":\"https:\\\/\\\/empower-modelling.eu\\\/es\\\/\",\"logo\":{\"@type\":\"ImageObject\",\"inLanguage\":\"es\",\"@id\":\"https:\\\/\\\/empower-modelling.eu\\\/es\\\/#\\\/schema\\\/logo\\\/image\\\/\",\"url\":\"https:\\\/\\\/empower-modelling.eu\\\/wp-content\\\/uploads\\\/2025\\\/11\\\/cropped-cropped-FINAL-empower-logo-e1767633380601.png\",\"contentUrl\":\"https:\\\/\\\/empower-modelling.eu\\\/wp-content\\\/uploads\\\/2025\\\/11\\\/cropped-cropped-FINAL-empower-logo-e1767633380601.png\",\"width\":200,\"height\":108,\"caption\":\"Empowering Teachers for Science Learning through modelling-based Approaches\"},\"image\":{\"@id\":\"https:\\\/\\\/empower-modelling.eu\\\/es\\\/#\\\/schema\\\/logo\\\/image\\\/\"}}]}<\/script>\n<!-- \/ Yoast SEO plugin. -->","yoast_head_json":{"title":"Erasmus+ - Empowering Teachers for Science Learning through modelling-based Approaches","robots":{"index":"index","follow":"follow","max-snippet":"max-snippet:-1","max-image-preview":"max-image-preview:large","max-video-preview":"max-video-preview:-1"},"canonical":"https:\/\/empower-modelling.eu\/es\/erasmus\/","og_locale":"es_ES","og_type":"article","og_title":"Erasmus+ - Empowering Teachers for Science Learning through modelling-based Approaches","og_description":"[vc_row css=\u00bb.vc_custom_1767818802261{margin-top: 60px !important;}\u00bb][vc_column width=\u00bb1\/4&#8243; css=\u00bb.vc_custom_1765966148568{margin-top: 20px !important;}\u00bb][vc_single_image image=\u00bb697&#8243; img_size=\u00bblarge\u00bb alignment=\u00bbright\u00bb css=\u00bb.vc_custom_1765966137187{margin-top: 30px !important;margin-right: -60px !important;}\u00bb][\/vc_column][vc_column width=\u00bb3\/4&#8243; css=\u00bb.vc_custom_1767818843507{margin-bottom: 5px !important;border-top-width: [&hellip;]","og_url":"https:\/\/empower-modelling.eu\/es\/erasmus\/","og_site_name":"Empowering Teachers for Science Learning through modelling-based Approaches","article_modified_time":"2026-01-12T14:01:45+00:00","twitter_card":"summary_large_image","twitter_misc":{"Tiempo de lectura":"2 minutos"},"schema":{"@context":"https:\/\/schema.org","@graph":[{"@type":"WebPage","@id":"https:\/\/empower-modelling.eu\/es\/erasmus\/","url":"https:\/\/empower-modelling.eu\/es\/erasmus\/","name":"Erasmus+ - Empowering Teachers for Science Learning through modelling-based Approaches","isPartOf":{"@id":"https:\/\/empower-modelling.eu\/es\/#website"},"datePublished":"2025-12-02T08:09:03+00:00","dateModified":"2026-01-12T14:01:45+00:00","breadcrumb":{"@id":"https:\/\/empower-modelling.eu\/es\/erasmus\/#breadcrumb"},"inLanguage":"es","potentialAction":[{"@type":"ReadAction","target":["https:\/\/empower-modelling.eu\/es\/erasmus\/"]}]},{"@type":"BreadcrumbList","@id":"https:\/\/empower-modelling.eu\/es\/erasmus\/#breadcrumb","itemListElement":[{"@type":"ListItem","position":1,"name":"Startseite","item":"https:\/\/empower-modelling.eu\/es\/"},{"@type":"ListItem","position":2,"name":"Erasmus+"}]},{"@type":"WebSite","@id":"https:\/\/empower-modelling.eu\/es\/#website","url":"https:\/\/empower-modelling.eu\/es\/","name":"Empowering Teachers for Science Learning through modelling-based Approaches","description":"","publisher":{"@id":"https:\/\/empower-modelling.eu\/es\/#organization"},"potentialAction":[{"@type":"SearchAction","target":{"@type":"EntryPoint","urlTemplate":"https:\/\/empower-modelling.eu\/es\/?s={search_term_string}"},"query-input":{"@type":"PropertyValueSpecification","valueRequired":true,"valueName":"search_term_string"}}],"inLanguage":"es"},{"@type":"Organization","@id":"https:\/\/empower-modelling.eu\/es\/#organization","name":"Empowering Teachers for Science Learning through modelling-based Approaches","url":"https:\/\/empower-modelling.eu\/es\/","logo":{"@type":"ImageObject","inLanguage":"es","@id":"https:\/\/empower-modelling.eu\/es\/#\/schema\/logo\/image\/","url":"https:\/\/empower-modelling.eu\/wp-content\/uploads\/2025\/11\/cropped-cropped-FINAL-empower-logo-e1767633380601.png","contentUrl":"https:\/\/empower-modelling.eu\/wp-content\/uploads\/2025\/11\/cropped-cropped-FINAL-empower-logo-e1767633380601.png","width":200,"height":108,"caption":"Empowering Teachers for Science Learning through modelling-based Approaches"},"image":{"@id":"https:\/\/empower-modelling.eu\/es\/#\/schema\/logo\/image\/"}}]}},"_links":{"self":[{"href":"https:\/\/empower-modelling.eu\/es\/wp-json\/wp\/v2\/pages\/698","targetHints":{"allow":["GET"]}}],"collection":[{"href":"https:\/\/empower-modelling.eu\/es\/wp-json\/wp\/v2\/pages"}],"about":[{"href":"https:\/\/empower-modelling.eu\/es\/wp-json\/wp\/v2\/types\/page"}],"author":[{"embeddable":true,"href":"https:\/\/empower-modelling.eu\/es\/wp-json\/wp\/v2\/users\/4"}],"replies":[{"embeddable":true,"href":"https:\/\/empower-modelling.eu\/es\/wp-json\/wp\/v2\/comments?post=698"}],"version-history":[{"count":3,"href":"https:\/\/empower-modelling.eu\/es\/wp-json\/wp\/v2\/pages\/698\/revisions"}],"predecessor-version":[{"id":701,"href":"https:\/\/empower-modelling.eu\/es\/wp-json\/wp\/v2\/pages\/698\/revisions\/701"}],"wp:attachment":[{"href":"https:\/\/empower-modelling.eu\/es\/wp-json\/wp\/v2\/media?parent=698"}],"curies":[{"name":"wp","href":"https:\/\/api.w.org\/{rel}","templated":true}]}}